{"id":9,"date":"2023-09-23T14:00:43","date_gmt":"2023-09-23T14:00:43","guid":{"rendered":"https:\/\/firex.fi\/?page_id=9"},"modified":"2025-10-15T10:49:40","modified_gmt":"2025-10-15T07:49:40","slug":"tuotteet","status":"publish","type":"page","link":"https:\/\/aquapix.com\/se\/produkter\/","title":{"rendered":"Produkter"},"content":{"rendered":"<div class=\"wp-block-cover fullwidth-cover header-cover has-text-color\" style=\"color:#ffffff;min-height:431px;aspect-ratio:unset;\"><img loading=\"lazy\" decoding=\"async\" width=\"2560\" height=\"667\" class=\"wp-block-cover__image-background wp-image-363 size-full\" alt=\"\" src=\"https:\/\/aquapix.com\/wp-content\/uploads\/2025\/10\/aquapix_watermist_products.jpg\" data-object-fit=\"cover\" srcset=\"https:\/\/aquapix.com\/wp-content\/uploads\/2025\/10\/aquapix_watermist_products.jpg 2560w, https:\/\/aquapix.com\/wp-content\/uploads\/2025\/10\/aquapix_watermist_products-768x200.jpg 768w, https:\/\/aquapix.com\/wp-content\/uploads\/2025\/10\/aquapix_watermist_products-1536x400.jpg 1536w, https:\/\/aquapix.com\/wp-content\/uploads\/2025\/10\/aquapix_watermist_products-2048x534.jpg 2048w, https:\/\/aquapix.com\/wp-content\/uploads\/2025\/10\/aquapix_watermist_products-18x5.jpg 18w\" sizes=\"auto, (max-width: 2560px) 100vw, 2560px\" \/><span aria-hidden=\"true\" class=\"wp-block-cover__background has-background-dim-0 has-background-dim\" style=\"background-color:#2f2f2d\"><\/span><div class=\"wp-block-cover__inner-container is-layout-constrained wp-block-cover-is-layout-constrained\">\n<h2 class=\"wp-block-heading has-text-align-center has-text-color\" style=\"color:#ffffff\">AQUAPIX PRODUKTER<\/h2>\n<\/div><\/div>\n\n\n\n<div class=\"wp-block-cover is-light fullwidth-cover header-cover has-text-color\" style=\"color:#ffffff;min-height:431px;aspect-ratio:unset;\"><span aria-hidden=\"true\" class=\"wp-block-cover__background has-background-dim-100 has-background-dim\" style=\"background-color:#efeef3\"><\/span><div class=\"wp-block-cover__inner-container is-layout-constrained wp-block-cover-is-layout-constrained\">\n<div class=\"wp-block-columns columns-mw-1900 is-layout-flex wp-container-core-columns-is-layout-9d6595d7 wp-block-columns-is-layout-flex\">\n<div class=\"wp-block-column is-vertically-aligned-center animated fadeInLeft duration1 eds-on-scroll is-layout-flow wp-block-column-is-layout-flow\">\n<figure class=\"wp-block-image size-full\"><img loading=\"lazy\" decoding=\"async\" width=\"906\" height=\"361\" src=\"https:\/\/aquapix.com\/wp-content\/uploads\/2025\/06\/aquapix-korkeapainevesisumusuuttimet-ryhmakuva.jpg\" alt=\"\" class=\"wp-image-304\" srcset=\"https:\/\/aquapix.com\/wp-content\/uploads\/2025\/06\/aquapix-korkeapainevesisumusuuttimet-ryhmakuva.jpg 906w, https:\/\/aquapix.com\/wp-content\/uploads\/2025\/06\/aquapix-korkeapainevesisumusuuttimet-ryhmakuva-768x306.jpg 768w, https:\/\/aquapix.com\/wp-content\/uploads\/2025\/06\/aquapix-korkeapainevesisumusuuttimet-ryhmakuva-18x7.jpg 18w\" sizes=\"auto, (max-width: 906px) 100vw, 906px\" \/><\/figure>\n<\/div>\n\n\n\n<div class=\"wp-block-column is-vertically-aligned-center animated fadeInRight duration1 eds-on-scroll is-layout-flow wp-block-column-is-layout-flow\">\n<h2 class=\"wp-block-heading has-text-color\" style=\"color:#30a6d4;font-size:3rem\">BRANDSL\u00c4CKNING<\/h2>\n\n\n\n<h5 class=\"wp-block-heading has-contrast-color has-text-color has-link-color wp-elements-8f6bcc370fcde602d495630d45857810\" style=\"font-size:1.8rem\">Aquapix h\u00f6gtrycks-vattenmistmunstycke kombinerar garanterad tillg\u00e4nglighet och toppfunktioner!<\/h5>\n<\/div>\n<\/div>\n<\/div><\/div>\n\n\n\n<div class=\"wp-block-columns is-layout-flex wp-container-core-columns-is-layout-9d6595d7 wp-block-columns-is-layout-flex\">\n<div class=\"wp-block-column is-vertically-aligned-center animated fadeInLeft duration1 eds-on-scroll is-layout-flow wp-block-column-is-layout-flow\"><div class=\"wp-block-image\">\n<figure class=\"aligncenter size-full\"><img loading=\"lazy\" decoding=\"async\" width=\"535\" height=\"388\" src=\"https:\/\/aquapix.com\/wp-content\/uploads\/2025\/10\/aquapix_structure.jpg\" alt=\"\" class=\"wp-image-362\" srcset=\"https:\/\/aquapix.com\/wp-content\/uploads\/2025\/10\/aquapix_structure.jpg 535w, https:\/\/aquapix.com\/wp-content\/uploads\/2025\/10\/aquapix_structure-18x12.jpg 18w\" sizes=\"auto, (max-width: 535px) 100vw, 535px\" \/><\/figure>\n<\/div><\/div>\n\n\n\n<div class=\"wp-block-column is-vertically-aligned-center animated fadeInRight duration1 eds-on-scroll is-layout-flow wp-block-column-is-layout-flow\">\n<h3 class=\"wp-block-heading\">Aquapix h\u00f6gtrycks-vattenmistmunstycken<\/h3>\n\n\n\n<p>Aquapix h\u00f6gtrycks-vattenmistmunstycken \u00e4r tillverkade av h\u00f6gkvalitativt, syrafast rostfritt st\u00e5l AISI 316L. Deras funktion bygger p\u00e5 en patenterad konstruktion och en innovativ Aquaplate-komponent som tillsammans med h\u00f6gt tryck skapar en fin vattendimma. Tack vare den enkla konstruktionen \u00e4r munstyckena p\u00e5litliga, kostnadseffektiva och milj\u00f6v\u00e4nliga. Munstycken finns tillg\u00e4ngliga f\u00f6r b\u00e5de ned\u00e5triktad och horisontell montering.<\/p>\n<\/div>\n<\/div>\n\n\n\n<div class=\"wp-block-columns is-layout-flex wp-container-core-columns-is-layout-9d6595d7 wp-block-columns-is-layout-flex\">\n<div class=\"wp-block-column is-vertically-aligned-center animated fadeInLeft duration1 eds-on-scroll is-layout-flow wp-block-column-is-layout-flow\">\n<h3 class=\"wp-block-heading\">Aquapix h\u00f6gtrycks-munstycke AQ HsW 4.15<\/h3>\n\n\n\n<p>Sidomunstycke f\u00f6r v\u00e4gg- och frontytor, monteras horisontellt.<\/p>\n\n\n\n<div class=\"wp-block-buttons is-layout-flex wp-block-buttons-is-layout-flex\">\n<div class=\"wp-block-button\"><a class=\"wp-block-button__link wp-element-button\" href=\"mailto:aquapix@firex.fi\" style=\"border-radius:0px\" target=\"_blank\" rel=\"noreferrer noopener\">BEST\u00c4LLNINGAR: AQUAPIX@FIREX.FI<\/a><\/div>\n<\/div>\n<\/div>\n\n\n\n<div class=\"wp-block-column is-vertically-aligned-center animated fadeInRight duration1 eds-on-scroll is-layout-flow wp-block-column-is-layout-flow\"><div class=\"wp-block-image\">\n<figure class=\"aligncenter size-full\"><img loading=\"lazy\" decoding=\"async\" width=\"531\" height=\"388\" src=\"https:\/\/aquapix.com\/wp-content\/uploads\/2025\/10\/aquapix_hsw_nozzle.jpg\" alt=\"\" class=\"wp-image-359\" srcset=\"https:\/\/aquapix.com\/wp-content\/uploads\/2025\/10\/aquapix_hsw_nozzle.jpg 531w, https:\/\/aquapix.com\/wp-content\/uploads\/2025\/10\/aquapix_hsw_nozzle-16x12.jpg 16w\" sizes=\"auto, (max-width: 531px) 100vw, 531px\" \/><\/figure>\n<\/div><\/div>\n<\/div>\n\n\n\n<div class=\"wp-block-columns is-layout-flex wp-container-core-columns-is-layout-9d6595d7 wp-block-columns-is-layout-flex\">\n<div class=\"wp-block-column is-vertically-aligned-center animated fadeInLeft duration1 eds-on-scroll is-layout-flow wp-block-column-is-layout-flow\"><div class=\"wp-block-image\">\n<figure class=\"aligncenter size-full\"><img loading=\"lazy\" decoding=\"async\" width=\"531\" height=\"388\" src=\"https:\/\/aquapix.com\/wp-content\/uploads\/2025\/10\/aquapix_pendent_nozzle.jpg\" alt=\"\" class=\"wp-image-361\" srcset=\"https:\/\/aquapix.com\/wp-content\/uploads\/2025\/10\/aquapix_pendent_nozzle.jpg 531w, https:\/\/aquapix.com\/wp-content\/uploads\/2025\/10\/aquapix_pendent_nozzle-16x12.jpg 16w\" sizes=\"auto, (max-width: 531px) 100vw, 531px\" \/><\/figure>\n<\/div><\/div>\n\n\n\n<div class=\"wp-block-column is-vertically-aligned-center animated fadeInRight duration1 eds-on-scroll is-layout-flow wp-block-column-is-layout-flow\">\n<h3 class=\"wp-block-heading\">Aquapix h\u00f6gtrycks Pendent-munstycke AQ Pend 4.40<\/h3>\n\n\n\n<p>Ned\u00e5triktat munstycke f\u00f6r utanp\u00e5liggande installationer eller nedpendlade undertak.<\/p>\n\n\n\n<div class=\"wp-block-buttons is-layout-flex wp-block-buttons-is-layout-flex\">\n<div class=\"wp-block-button\"><a class=\"wp-block-button__link wp-element-button\" href=\"mailto:aquapix@firex.fi\" style=\"border-radius:0px\" target=\"_blank\" rel=\"noreferrer noopener\">BEST\u00c4LLNINGAR: AQUAPIX@FIREX.FI<\/a><\/div>\n<\/div>\n<\/div>\n<\/div>\n\n\n\n<div class=\"wp-block-columns is-layout-flex wp-container-core-columns-is-layout-9d6595d7 wp-block-columns-is-layout-flex\">\n<div class=\"wp-block-column is-vertically-aligned-center animated fadeInLeft duration1 eds-on-scroll is-layout-flow wp-block-column-is-layout-flow\">\n<h3 class=\"wp-block-heading translation-block\">Aquapix \u2013 H\u00f6gtrycksvattendimma-pumpcentral<\/h3>\n\n\n\n<p>Pumpcentralerna \u00e4r helhetsl\u00f6sningar som utformas enligt objektets anv\u00e4ndnings\u00e4ndam\u00e5l och krav, och kunden f\u00e5r en f\u00e4rdig, testad och behovsanpassad l\u00f6sning. L\u00e4mpliga anv\u00e4ndningsomr\u00e5den \u00e4r bland annat skolor, hotell, kontorsbyggnader, sjukhus, servicehus och bibliotek.<br>Pumpcentralerna \u00e4r avsedda att anv\u00e4ndas tillsammans med Aquapix h\u00f6gtrycksvattendimmunstycken, men de kan \u00e4ven anv\u00e4ndas i andra h\u00f6gtrycksvattendimmasystem, f\u00f6rutsatt att funktionsv\u00e4rden och kravuppfyllelse till\u00e5ter det.<\/p>\n\n\n\n<div class=\"wp-block-buttons is-layout-flex wp-block-buttons-is-layout-flex\">\n<div class=\"wp-block-button\"><a class=\"wp-block-button__link wp-element-button\" href=\"mailto:aquapix@firex.fi\" style=\"border-radius:0px\" target=\"_blank\" rel=\"noreferrer noopener\">BEST\u00c4LLNINGAR: AQUAPIX@FIREX.FI<\/a><\/div>\n<\/div>\n<\/div>\n\n\n\n<div class=\"wp-block-column is-vertically-aligned-center animated fadeInRight duration1 eds-on-scroll is-layout-flow wp-block-column-is-layout-flow\"><div class=\"wp-block-image\">\n<figure class=\"aligncenter size-full\"><img loading=\"lazy\" decoding=\"async\" width=\"531\" height=\"479\" src=\"https:\/\/aquapix.com\/wp-content\/uploads\/2025\/10\/aquapix_waterpump.jpg\" alt=\"\" class=\"wp-image-364\" srcset=\"https:\/\/aquapix.com\/wp-content\/uploads\/2025\/10\/aquapix_waterpump.jpg 531w, https:\/\/aquapix.com\/wp-content\/uploads\/2025\/10\/aquapix_waterpump-13x12.jpg 13w\" sizes=\"auto, (max-width: 531px) 100vw, 531px\" \/><\/figure>\n<\/div><\/div>\n<\/div>\n\n\n\n<div class=\"wp-block-columns is-layout-flex wp-container-core-columns-is-layout-9d6595d7 wp-block-columns-is-layout-flex\">\n<div class=\"wp-block-column is-vertically-aligned-center animated fadeInLeft duration1 eds-on-scroll is-layout-flow wp-block-column-is-layout-flow\"><div class=\"wp-block-image\">\n<figure class=\"aligncenter size-full\"><img loading=\"lazy\" decoding=\"async\" width=\"1500\" height=\"1019\" src=\"https:\/\/firex.fi\/wp-content\/uploads\/2023\/09\/iStock-1068158550_web.jpg\" alt=\"\" class=\"wp-image-116\" srcset=\"https:\/\/aquapix.com\/wp-content\/uploads\/2023\/09\/iStock-1068158550_web.jpg 1500w, https:\/\/aquapix.com\/wp-content\/uploads\/2023\/09\/iStock-1068158550_web-768x522.jpg 768w\" sizes=\"auto, (max-width: 1500px) 100vw, 1500px\" \/><\/figure>\n<\/div><\/div>\n\n\n\n<div class=\"wp-block-column is-vertically-aligned-center animated fadeInRight duration1 eds-on-scroll is-layout-flow wp-block-column-is-layout-flow\">\n<h3 class=\"wp-block-heading\">Enkel installation f\u00f6r nya och befintliga vattenmistssystem<\/h3>\n\n\n\n<p>Aquapix \u00e4r ocks\u00e5 l\u00e4mpligt som ett till\u00e4gg till alla befintliga vattenmistssystem, s\u00e5 l\u00e4nge pumpstationen ger det tryck och fl\u00f6de som kr\u00e4vs av munstycket. Pumpen stationen kan vara en h\u00f6gtrycks-mistpump som tillhandah\u00e5lls av n\u00e5gon leverant\u00f6r.<\/p>\n<\/div>\n<\/div>\n\n\n\n<div class=\"wp-block-columns is-layout-flex wp-container-core-columns-is-layout-9d6595d7 wp-block-columns-is-layout-flex\">\n<div class=\"wp-block-column is-vertically-aligned-center animated fadeInLeft duration1 eds-on-scroll is-layout-flow wp-block-column-is-layout-flow\">\n<h3 class=\"wp-block-heading translation-block\">Aquapix-munstycken har inte l\u00e4tt igent\u00e4ppta h\u00e5l<\/h3>\n\n\n\n<p>I Aquapix sprids dimman mellan den 2-delade patenterade munstyckskroppen, med Aquapix-plattan installerad mellan dem som omvandlar vatten till \"Aquapixlar.\" N\u00e4r det beh\u00f6vs kan munstycket \u00f6ppnas f\u00f6r reng\u00f6ring eller utbyte av den termiska kapseln av en utbildad Aquapix-partner.<\/p>\n<\/div>\n\n\n\n<div class=\"wp-block-column is-vertically-aligned-center animated fadeInRight duration1 eds-on-scroll is-layout-flow wp-block-column-is-layout-flow\"><div class=\"wp-block-image\">\n<figure class=\"aligncenter size-full\"><img loading=\"lazy\" decoding=\"async\" width=\"1500\" height=\"1000\" src=\"https:\/\/firex.fi\/wp-content\/uploads\/2023\/09\/iStock-1204004920_web.jpg\" alt=\"\" class=\"wp-image-118\" srcset=\"https:\/\/aquapix.com\/wp-content\/uploads\/2023\/09\/iStock-1204004920_web.jpg 1500w, https:\/\/aquapix.com\/wp-content\/uploads\/2023\/09\/iStock-1204004920_web-768x512.jpg 768w\" sizes=\"auto, (max-width: 1500px) 100vw, 1500px\" \/><\/figure>\n<\/div><\/div>\n<\/div>\n\n\n\n<div class=\"wp-block-columns is-layout-flex wp-container-core-columns-is-layout-9d6595d7 wp-block-columns-is-layout-flex\">\n<div class=\"wp-block-column is-vertically-aligned-center animated fadeInLeft duration1 eds-on-scroll is-layout-flow wp-block-column-is-layout-flow\"><div class=\"wp-block-image\">\n<figure class=\"aligncenter size-full\"><img loading=\"lazy\" decoding=\"async\" width=\"1500\" height=\"1000\" src=\"https:\/\/firex.fi\/wp-content\/uploads\/2023\/09\/iStock-538483378_M_web.jpg\" alt=\"\" class=\"wp-image-114\" srcset=\"https:\/\/aquapix.com\/wp-content\/uploads\/2023\/09\/iStock-538483378_M_web.jpg 1500w, https:\/\/aquapix.com\/wp-content\/uploads\/2023\/09\/iStock-538483378_M_web-768x512.jpg 768w\" sizes=\"auto, (max-width: 1500px) 100vw, 1500px\" \/><\/figure>\n<\/div><\/div>\n\n\n\n<div class=\"wp-block-column is-vertically-aligned-center animated fadeInRight duration1 eds-on-scroll is-layout-flow wp-block-column-is-layout-flow\">\n<h3 class=\"wp-block-heading\">Minimera vattenskador<\/h3>\n\n\n\n<p>H\u00f6gtrycks-vattenmistmunstycken kr\u00e4ver mindre vatten. Aquapix \u00e4r s\u00e4rskilt l\u00e4mpligt f\u00f6r till\u00e4mpningar d\u00e4r minimera vattenskador \u00e4r avg\u00f6rande, som museer, sjukhus, hotell, tr\u00e4byggnader, kulturhistoriskt viktiga platser och h\u00f6ga kontors- och bostadsbyggnader.<\/p>\n<\/div>\n<\/div>\n\n\n\n<div class=\"wp-block-columns is-layout-flex wp-container-core-columns-is-layout-9d6595d7 wp-block-columns-is-layout-flex\">\n<div class=\"wp-block-column is-vertically-aligned-center animated fadeInLeft duration1 eds-on-scroll is-layout-flow wp-block-column-is-layout-flow\">\n<h3 class=\"wp-block-heading\">60 bars tryck \u00e4r tillr\u00e4ckligt<\/h3>\n\n\n\n<p>De flesta munstycken som finns p\u00e5 marknaden kr\u00e4ver minst 100 bars tryck. Aquapix munstycken fungerar effektivt med bara 60 bars tryck.<\/p>\n<\/div>\n\n\n\n<div class=\"wp-block-column is-vertically-aligned-center animated fadeInRight duration1 eds-on-scroll is-layout-flow wp-block-column-is-layout-flow\"><div class=\"wp-block-image\">\n<figure class=\"aligncenter size-full\"><img loading=\"lazy\" decoding=\"async\" width=\"1500\" height=\"1000\" src=\"https:\/\/firex.fi\/wp-content\/uploads\/2023\/09\/iStock-511061090_web.jpg\" alt=\"\" class=\"wp-image-113\" srcset=\"https:\/\/aquapix.com\/wp-content\/uploads\/2023\/09\/iStock-511061090_web.jpg 1500w, https:\/\/aquapix.com\/wp-content\/uploads\/2023\/09\/iStock-511061090_web-768x512.jpg 768w\" sizes=\"auto, (max-width: 1500px) 100vw, 1500px\" \/><\/figure>\n<\/div><\/div>\n<\/div>\n\n\n\n<div class=\"wp-block-columns is-layout-flex wp-container-core-columns-is-layout-9d6595d7 wp-block-columns-is-layout-flex\">\n<div class=\"wp-block-column animated fadeInRight duration1 eds-on-scroll is-layout-flow wp-block-column-is-layout-flow\">\n<figure class=\"wp-block-image size-full\"><img loading=\"lazy\" decoding=\"async\" width=\"507\" height=\"371\" src=\"https:\/\/aquapix.com\/wp-content\/uploads\/2023\/09\/Firefly-high-pressure-water-mist-shooting-from-the-ceiling-27449.png\" alt=\"\" class=\"wp-image-109\"\/><\/figure>\n<\/div>\n\n\n\n<div class=\"wp-block-column animated fadeInLeft duration1 eds-on-scroll is-layout-flow wp-block-column-is-layout-flow\">\n<h2 class=\"wp-block-heading has-text-color translation-block\" style=\"color:#30a6d4\">DAMMKONTROLL<br>\u2013 KOMMER SNART!<\/h2>\n\n\n\n<h5 class=\"wp-block-heading translation-block\">Aquapix uppfyller ocks\u00e5 behoven av dammbindning<\/h5>\n\n\n\n<p class=\"no-spacing translation-block\">Vattenmist har ocks\u00e5 en dammbindande effekt. <br> Aquapix-produktfamiljen kommer att erbjuda dammbindningsl\u00f6sningar i framtiden, med till\u00e4mpningar som inkluderar:<\/p>\n\n\n\n<ul class=\"wp-block-list\">\n<li>Gruvor<\/li>\n\n\n\n<li>Transport\u00f6rer<\/li>\n\n\n\n<li>Last- och lossningsplatser f\u00f6r dammiga material i hamnar och andra platser<\/li>\n<\/ul>\n<\/div>\n<\/div>\n\n\n\n<div class=\"wp-block-buttons is-content-justification-center is-layout-flex wp-container-core-buttons-is-layout-16018d1d wp-block-buttons-is-layout-flex\">\n<div class=\"wp-block-button animated fadeInUp duration3 eds-on-scroll\"><a class=\"wp-block-button__link wp-element-button\" href=\"https:\/\/aquapix.com\/se\/kontakt\/\" style=\"border-radius:0px\">KONTAKTA OSS<\/a><\/div>\n<\/div>","protected":false},"excerpt":{"rendered":"<p>Aquapix-korkeapainevesisumusuuttimet Aquapix-korkeapainevesisumusuuttimet on tehty laadukkaasta haponkest\u00e4v\u00e4st\u00e4 AISI316L-ter\u00e4ksest\u00e4. Niiden toiminta perustuu patentoituun runkoon ja innovatiiviseen Aquaplate-osaan, jotka yhdess\u00e4 korkean paineen kanssa luovat hienojakoisen vesisumun. Yksinkertaisen rakenteen ansiosta suuttimet ovat luotettavia, edullisia ja ymp\u00e4rist\u00f6yst\u00e4v\u00e4llisi\u00e4. Saatavilla alasp\u00e4in ja sivuttain asennettavia suuttimia. Aquapix korkeapaine sivusuutin AQ HsW 4.15 Vaakasuunnassa asennettava sivusuutin sein\u00e4- ja otsapintoihin. Aquapix korkeapaine Pendent -suutin AQ &#8230; <a title=\"Produkter\" class=\"read-more\" href=\"https:\/\/aquapix.com\/se\/produkter\/\" aria-label=\"Mer p\u00e5 Tuotteet\">L\u00e4s mer<\/a><\/p>","protected":false},"author":1,"featured_media":0,"parent":0,"menu_order":0,"comment_status":"closed","ping_status":"closed","template":"","meta":{"footnotes":""},"class_list":["post-9","page","type-page","status-publish"],"yoast_head":"<!-- This site is optimized with the Yoast SEO plugin v27.5 - https:\/\/yoast.com\/product\/yoast-seo-wordpress\/ -->\n<title>Tuotteet - Aquapix<\/title>\n<meta name=\"robots\" content=\"index, follow, max-snippet:-1, max-image-preview:large, max-video-preview:-1\" \/>\n<link rel=\"canonical\" href=\"https:\/\/aquapix.com\/se\/produkter\/\" \/>\n<meta property=\"og:locale\" content=\"sv_SE\" \/>\n<meta property=\"og:type\" content=\"article\" \/>\n<meta property=\"og:title\" content=\"Tuotteet - Aquapix\" \/>\n<meta property=\"og:description\" content=\"Aquapix-korkeapainevesisumusuuttimet Aquapix-korkeapainevesisumusuuttimet on tehty laadukkaasta haponkest\u00e4v\u00e4st\u00e4 AISI316L-ter\u00e4ksest\u00e4. Niiden toiminta perustuu patentoituun runkoon ja innovatiiviseen Aquaplate-osaan, jotka yhdess\u00e4 korkean paineen kanssa luovat hienojakoisen vesisumun. Yksinkertaisen rakenteen ansiosta suuttimet ovat luotettavia, edullisia ja ymp\u00e4rist\u00f6yst\u00e4v\u00e4llisi\u00e4. Saatavilla alasp\u00e4in ja sivuttain asennettavia suuttimia. Aquapix korkeapaine sivusuutin AQ HsW 4.15 Vaakasuunnassa asennettava sivusuutin sein\u00e4- ja otsapintoihin. Aquapix korkeapaine Pendent -suutin AQ ... L\u00e4s mer\" \/>\n<meta property=\"og:url\" content=\"https:\/\/aquapix.com\/se\/produkter\/\" \/>\n<meta property=\"og:site_name\" content=\"Aquapix\" \/>\n<meta property=\"article:modified_time\" content=\"2025-10-15T07:49:40+00:00\" \/>\n<meta property=\"og:image\" content=\"https:\/\/aquapix.com\/wp-content\/uploads\/2025\/10\/aquapix_watermist_products.jpg\" \/>\n<meta name=\"twitter:card\" content=\"summary_large_image\" \/>\n<meta name=\"twitter:label1\" content=\"Ber\u00e4knad l\u00e4stid\" \/>\n\t<meta name=\"twitter:data1\" content=\"5 minuter\" \/>\n<script type=\"application\/ld+json\" class=\"yoast-schema-graph\">{\"@context\":\"https:\\\/\\\/schema.org\",\"@graph\":[{\"@type\":\"WebPage\",\"@id\":\"https:\\\/\\\/aquapix.com\\\/tuotteet\\\/\",\"url\":\"https:\\\/\\\/aquapix.com\\\/tuotteet\\\/\",\"name\":\"Tuotteet - Aquapix\",\"isPartOf\":{\"@id\":\"https:\\\/\\\/aquapix.com\\\/#website\"},\"primaryImageOfPage\":{\"@id\":\"https:\\\/\\\/aquapix.com\\\/tuotteet\\\/#primaryimage\"},\"image\":{\"@id\":\"https:\\\/\\\/aquapix.com\\\/tuotteet\\\/#primaryimage\"},\"thumbnailUrl\":\"https:\\\/\\\/aquapix.com\\\/wp-content\\\/uploads\\\/2025\\\/10\\\/aquapix_watermist_products.jpg\",\"datePublished\":\"2023-09-23T14:00:43+00:00\",\"dateModified\":\"2025-10-15T07:49:40+00:00\",\"breadcrumb\":{\"@id\":\"https:\\\/\\\/aquapix.com\\\/tuotteet\\\/#breadcrumb\"},\"inLanguage\":\"sv-SE\",\"potentialAction\":[{\"@type\":\"ReadAction\",\"target\":[\"https:\\\/\\\/aquapix.com\\\/tuotteet\\\/\"]}]},{\"@type\":\"ImageObject\",\"inLanguage\":\"sv-SE\",\"@id\":\"https:\\\/\\\/aquapix.com\\\/tuotteet\\\/#primaryimage\",\"url\":\"https:\\\/\\\/aquapix.com\\\/wp-content\\\/uploads\\\/2025\\\/10\\\/aquapix_watermist_products.jpg\",\"contentUrl\":\"https:\\\/\\\/aquapix.com\\\/wp-content\\\/uploads\\\/2025\\\/10\\\/aquapix_watermist_products.jpg\"},{\"@type\":\"BreadcrumbList\",\"@id\":\"https:\\\/\\\/aquapix.com\\\/tuotteet\\\/#breadcrumb\",\"itemListElement\":[{\"@type\":\"ListItem\",\"position\":1,\"name\":\"Home\",\"item\":\"https:\\\/\\\/aquapix.com\\\/\"},{\"@type\":\"ListItem\",\"position\":2,\"name\":\"Tuotteet\"}]},{\"@type\":\"WebSite\",\"@id\":\"https:\\\/\\\/aquapix.com\\\/#website\",\"url\":\"https:\\\/\\\/aquapix.com\\\/\",\"name\":\"Aquapix\",\"description\":\"Korkeapainevesisumun uusi aikakausi\",\"publisher\":{\"@id\":\"https:\\\/\\\/aquapix.com\\\/#organization\"},\"potentialAction\":[{\"@type\":\"SearchAction\",\"target\":{\"@type\":\"EntryPoint\",\"urlTemplate\":\"https:\\\/\\\/aquapix.com\\\/?s={search_term_string}\"},\"query-input\":{\"@type\":\"PropertyValueSpecification\",\"valueRequired\":true,\"valueName\":\"search_term_string\"}}],\"inLanguage\":\"sv-SE\"},{\"@type\":\"Organization\",\"@id\":\"https:\\\/\\\/aquapix.com\\\/#organization\",\"name\":\"Aquapix\",\"alternateName\":\"Korkeapainevesisumun uusi aikakausi\",\"url\":\"https:\\\/\\\/aquapix.com\\\/\",\"logo\":{\"@type\":\"ImageObject\",\"inLanguage\":\"sv-SE\",\"@id\":\"https:\\\/\\\/aquapix.com\\\/#\\\/schema\\\/logo\\\/image\\\/\",\"url\":\"https:\\\/\\\/aquapix.com\\\/wp-content\\\/uploads\\\/2023\\\/09\\\/cropped-aquapix_emblem.png\",\"contentUrl\":\"https:\\\/\\\/aquapix.com\\\/wp-content\\\/uploads\\\/2023\\\/09\\\/cropped-aquapix_emblem.png\",\"width\":512,\"height\":512,\"caption\":\"Aquapix\"},\"image\":{\"@id\":\"https:\\\/\\\/aquapix.com\\\/#\\\/schema\\\/logo\\\/image\\\/\"}}]}<\/script>\n<!-- \/ Yoast SEO plugin. -->","yoast_head_json":{"title":"Tuotteet - Aquapix","robots":{"index":"index","follow":"follow","max-snippet":"max-snippet:-1","max-image-preview":"max-image-preview:large","max-video-preview":"max-video-preview:-1"},"canonical":"https:\/\/aquapix.com\/se\/produkter\/","og_locale":"sv_SE","og_type":"article","og_title":"Tuotteet - Aquapix","og_description":"Aquapix-korkeapainevesisumusuuttimet Aquapix-korkeapainevesisumusuuttimet on tehty laadukkaasta haponkest\u00e4v\u00e4st\u00e4 AISI316L-ter\u00e4ksest\u00e4. Niiden toiminta perustuu patentoituun runkoon ja innovatiiviseen Aquaplate-osaan, jotka yhdess\u00e4 korkean paineen kanssa luovat hienojakoisen vesisumun. Yksinkertaisen rakenteen ansiosta suuttimet ovat luotettavia, edullisia ja ymp\u00e4rist\u00f6yst\u00e4v\u00e4llisi\u00e4. Saatavilla alasp\u00e4in ja sivuttain asennettavia suuttimia. Aquapix korkeapaine sivusuutin AQ HsW 4.15 Vaakasuunnassa asennettava sivusuutin sein\u00e4- ja otsapintoihin. Aquapix korkeapaine Pendent -suutin AQ ... L\u00e4s mer","og_url":"https:\/\/aquapix.com\/se\/produkter\/","og_site_name":"Aquapix","article_modified_time":"2025-10-15T07:49:40+00:00","og_image":[{"url":"https:\/\/aquapix.com\/wp-content\/uploads\/2025\/10\/aquapix_watermist_products.jpg","type":"","width":"","height":""}],"twitter_card":"summary_large_image","twitter_misc":{"Ber\u00e4knad l\u00e4stid":"5 minuter"},"schema":{"@context":"https:\/\/schema.org","@graph":[{"@type":"WebPage","@id":"https:\/\/aquapix.com\/tuotteet\/","url":"https:\/\/aquapix.com\/tuotteet\/","name":"Tuotteet - Aquapix","isPartOf":{"@id":"https:\/\/aquapix.com\/#website"},"primaryImageOfPage":{"@id":"https:\/\/aquapix.com\/tuotteet\/#primaryimage"},"image":{"@id":"https:\/\/aquapix.com\/tuotteet\/#primaryimage"},"thumbnailUrl":"https:\/\/aquapix.com\/wp-content\/uploads\/2025\/10\/aquapix_watermist_products.jpg","datePublished":"2023-09-23T14:00:43+00:00","dateModified":"2025-10-15T07:49:40+00:00","breadcrumb":{"@id":"https:\/\/aquapix.com\/tuotteet\/#breadcrumb"},"inLanguage":"sv-SE","potentialAction":[{"@type":"ReadAction","target":["https:\/\/aquapix.com\/tuotteet\/"]}]},{"@type":"ImageObject","inLanguage":"sv-SE","@id":"https:\/\/aquapix.com\/tuotteet\/#primaryimage","url":"https:\/\/aquapix.com\/wp-content\/uploads\/2025\/10\/aquapix_watermist_products.jpg","contentUrl":"https:\/\/aquapix.com\/wp-content\/uploads\/2025\/10\/aquapix_watermist_products.jpg"},{"@type":"BreadcrumbList","@id":"https:\/\/aquapix.com\/tuotteet\/#breadcrumb","itemListElement":[{"@type":"ListItem","position":1,"name":"Home","item":"https:\/\/aquapix.com\/"},{"@type":"ListItem","position":2,"name":"Tuotteet"}]},{"@type":"WebSite","@id":"https:\/\/aquapix.com\/#website","url":"https:\/\/aquapix.com\/","name":"Aquapix","description":"Korkeapainevesisumun uusi aikakausi","publisher":{"@id":"https:\/\/aquapix.com\/#organization"},"potentialAction":[{"@type":"SearchAction","target":{"@type":"EntryPoint","urlTemplate":"https:\/\/aquapix.com\/?s={search_term_string}"},"query-input":{"@type":"PropertyValueSpecification","valueRequired":true,"valueName":"search_term_string"}}],"inLanguage":"sv-SE"},{"@type":"Organization","@id":"https:\/\/aquapix.com\/#organization","name":"Aquapix","alternateName":"Korkeapainevesisumun uusi aikakausi","url":"https:\/\/aquapix.com\/","logo":{"@type":"ImageObject","inLanguage":"sv-SE","@id":"https:\/\/aquapix.com\/#\/schema\/logo\/image\/","url":"https:\/\/aquapix.com\/wp-content\/uploads\/2023\/09\/cropped-aquapix_emblem.png","contentUrl":"https:\/\/aquapix.com\/wp-content\/uploads\/2023\/09\/cropped-aquapix_emblem.png","width":512,"height":512,"caption":"Aquapix"},"image":{"@id":"https:\/\/aquapix.com\/#\/schema\/logo\/image\/"}}]}},"_links":{"self":[{"href":"https:\/\/aquapix.com\/se\/wp-json\/wp\/v2\/pages\/9","targetHints":{"allow":["GET"]}}],"collection":[{"href":"https:\/\/aquapix.com\/se\/wp-json\/wp\/v2\/pages"}],"about":[{"href":"https:\/\/aquapix.com\/se\/wp-json\/wp\/v2\/types\/page"}],"author":[{"embeddable":true,"href":"https:\/\/aquapix.com\/se\/wp-json\/wp\/v2\/users\/1"}],"replies":[{"embeddable":true,"href":"https:\/\/aquapix.com\/se\/wp-json\/wp\/v2\/comments?post=9"}],"version-history":[{"count":69,"href":"https:\/\/aquapix.com\/se\/wp-json\/wp\/v2\/pages\/9\/revisions"}],"predecessor-version":[{"id":385,"href":"https:\/\/aquapix.com\/se\/wp-json\/wp\/v2\/pages\/9\/revisions\/385"}],"wp:attachment":[{"href":"https:\/\/aquapix.com\/se\/wp-json\/wp\/v2\/media?parent=9"}],"curies":[{"name":"wp","href":"https:\/\/api.w.org\/{rel}","templated":true}]}}