{"id":13,"date":"2023-09-23T14:01:03","date_gmt":"2023-09-23T14:01:03","guid":{"rendered":"https:\/\/firex.fi\/?page_id=13"},"modified":"2025-10-15T11:38:37","modified_gmt":"2025-10-15T08:38:37","slug":"yhteys","status":"publish","type":"page","link":"https:\/\/aquapix.com\/se\/kontakt\/","title":{"rendered":"Kontakt"},"content":{"rendered":"<div class=\"wp-block-cover is-light fullwidth-cover header-cover has-text-color\" style=\"color:#ffffff;min-height:431px;aspect-ratio:unset;\"><img loading=\"lazy\" decoding=\"async\" width=\"1920\" height=\"1308\" class=\"wp-block-cover__image-background wp-image-111\" alt=\"\" src=\"https:\/\/firex.fi\/wp-content\/uploads\/2023\/09\/iStock-182212291_web.jpg\" data-object-fit=\"cover\" srcset=\"https:\/\/aquapix.com\/wp-content\/uploads\/2023\/09\/iStock-182212291_web.jpg 1920w, https:\/\/aquapix.com\/wp-content\/uploads\/2023\/09\/iStock-182212291_web-768x523.jpg 768w, https:\/\/aquapix.com\/wp-content\/uploads\/2023\/09\/iStock-182212291_web-1536x1046.jpg 1536w\" sizes=\"auto, (max-width: 1920px) 100vw, 1920px\" \/><span aria-hidden=\"true\" class=\"wp-block-cover__background has-background-dim-0 has-background-dim\"><\/span><div class=\"wp-block-cover__inner-container is-layout-constrained wp-block-cover-is-layout-constrained\">\n<h2 class=\"wp-block-heading has-text-align-center has-text-color\" style=\"color:#ffffff\">KONTAKT<\/h2>\n<\/div><\/div>\n\n\n\n<div style=\"height:3rem\" aria-hidden=\"true\" class=\"wp-block-spacer\"><\/div>\n\n\n\n<h3 class=\"wp-block-heading has-text-align-left spacer has-text-color\" style=\"color:#000000\">Kontakta oss f\u00f6r mer information:<\/h3>\n\n\n\n<div class=\"wp-block-columns is-layout-flex wp-container-core-columns-is-layout-9d6595d7 wp-block-columns-is-layout-flex\">\n<div class=\"wp-block-column animated fadeInLeft duration1 eds-on-scroll is-layout-flow wp-block-column-is-layout-flow\">\n<h4 class=\"wp-block-heading no-spacing\">Firex Oy<\/h4>\n\n\n\n<p>Niemenkatu 73 (Lahti Science Park),<br>FI-15140 Lahti, Finland<br>info@aquapix.com<br>sales@aquapix.com<\/p>\n\n\n\n<p>Aquapix \u00e4r ett varum\u00e4rke som tillh\u00f6r Firex Ltd, med s\u00e4te i Lahti.<\/p>\n<\/div>\n\n\n\n<div class=\"wp-block-column animated fadeInRight duration1 eds-on-scroll is-layout-flow wp-block-column-is-layout-flow\">\n<h4 class=\"wp-block-heading no-spacing\">Best\u00e4llningar<\/h4>\n\n\n\n<div style=\"height:1rem\" aria-hidden=\"true\" class=\"wp-block-spacer\"><\/div>\n\n\n\n<div class=\"wp-block-buttons is-layout-flex wp-block-buttons-is-layout-flex\">\n<div class=\"wp-block-button\"><a class=\"wp-block-button__link wp-element-button\" href=\"mailto:aquapix@firex.fi\" style=\"border-radius:0px\">aquapix@firex.fi<\/a><\/div>\n<\/div>\n<\/div>\n<\/div>\n\n\n\n<div class=\"wp-block-columns is-layout-flex wp-container-core-columns-is-layout-9d6595d7 wp-block-columns-is-layout-flex\">\n<div class=\"wp-block-column is-vertically-aligned-top animated fadeInLeft duration1 eds-on-scroll is-layout-flow wp-block-column-is-layout-flow\">\n<figure class=\"wp-block-image size-full\"><img loading=\"lazy\" decoding=\"async\" width=\"1500\" height=\"1188\" src=\"https:\/\/firex.fi\/wp-content\/uploads\/2023\/09\/iStock-1400967174_cropattu_web.jpg\" alt=\"\" class=\"wp-image-120\" srcset=\"https:\/\/aquapix.com\/wp-content\/uploads\/2023\/09\/iStock-1400967174_cropattu_web.jpg 1500w, https:\/\/aquapix.com\/wp-content\/uploads\/2023\/09\/iStock-1400967174_cropattu_web-768x608.jpg 768w\" sizes=\"auto, (max-width: 1500px) 100vw, 1500px\" \/><\/figure>\n<\/div>\n\n\n\n<div class=\"wp-block-column is-vertically-aligned-top animated fadeInRight duration1 eds-on-scroll is-layout-flow wp-block-column-is-layout-flow\">\n<h4 class=\"wp-block-heading\">Ans\u00f6k om att bli en Aquapix-partner!<\/h4>\n\n\n\n<p>Leverant\u00f6rer av brandsl\u00e4ckningssystem som listas av lokala myndigheter kan ans\u00f6ka om att bli Aquapix-partner. Partnerskapet kr\u00e4ver deltagande i DIOM-utbildning (Design Installation Operation Maintenance).<\/p>\n\n\n\n<p>Sprinklerisuunnittelutoimistoille DIOM toimitetaan rekister\u00f6itym\u00e4ll\u00e4 Aquapix-suunnittelijaksi.<\/p>\n\n\n\n<p>Kontakta oss om du \u00e4r intresserad av att f\u00f6lja med p\u00e5 resan med ett varum\u00e4rke som revolutionerar marknaden f\u00f6r h\u00f6gtrycksdimma.<\/p>\n\n\n\n<div class=\"wp-block-buttons is-layout-flex wp-block-buttons-is-layout-flex\">\n<div class=\"wp-block-button\"><a class=\"wp-block-button__link wp-element-button\" href=\"mailto:sales@aquapix.com\" style=\"border-radius:0px\">info@aquapix.com<\/a><\/div>\n<\/div>\n<\/div>\n<\/div>\n\n\n\n<!-- Groweo SmartFlow -->\n<div class=\"gw-smartflow alignfull\">\n<script src=\"https:\/\/engine4.groweo.com\/smartFlow\/script.js\" data-cookieconsent=\"ignore\"><\/script>\n<iframe id=\"6790b8aaa07b83903eb2ac78-671645f7c8cb997b5e7f5b4b-smartflow-inpage\" \n    src=\"https:\/\/engine4.groweo.com\/smartFlow\/?url=https:\/\/engine4.groweo.com\/api\/671645f7c8cb997b5e7f5b4b\/6790b8aaa07b83903eb2ac78&#038;publishUrl=https:\/\/engine4.groweo.com\/api\/session\/response&#038;workspaceId=671645f7c8cb997b5e7f5b4b&#038;moduleId=6790b8aaa07b83903eb2ac78&#038;inPage=true&#038;isPreview=false&#038;language=fi\" \n    height=\"100%\" width=\"100%\" frameborder=\"0\" scrolling=\"auto\">\n    <\/iframe>\n\n\n<iframe id=\"684ada8481ab7f400618d1c4-671645f7c8cb997b5e7f5b4b-smartflow-inpage\" \n    src=\"https:\/\/engine4.groweo.com\/smartFlow\/?url=https:\/\/engine4.groweo.com\/api\/671645f7c8cb997b5e7f5b4b\/684ada8481ab7f400618d1c4&#038;publishUrl=https:\/\/engine4.groweo.com\/api\/session\/response&#038;workspaceId=671645f7c8cb997b5e7f5b4b&#038;moduleId=684ada8481ab7f400618d1c4&#038;inPage=true&#038;isPreview=false&#038;language=en\" \n    height=\"100%\" width=\"100%\" frameborder=\"0\" scrolling=\"auto\">\n    <\/iframe>\n\n\n<\/div>\n\n<style>\n.header-cover {\nmargin-bottom: 0;\n}\n<\/style>","protected":false},"excerpt":{"rendered":"<p>Ota yhteytt\u00e4 lis\u00e4tietoja varten: Firex Oy Niemenkatu 73 (Lahden Tiedepuisto),15140 Lahtiinfo@aquapix.comsales@aquapix.com Aquapix on lahtelaisen Firex Oy:n tavaramerkki. Tilaukset Hae Aquapix-partnereiksi! Tukes-listatut sammutuslaitteistourakoitsijat voivat hakea Aquapixin asennuspartnereiksi Suomessa. Partneruus edellytt\u00e4\u00e4 DIOM (Design Installation Operation Maintenance)-koulutukseen osallistumista. Sprinklerisuunnittelutoimistoille DIOM toimitetaan rekister\u00f6itym\u00e4ll\u00e4 Aquapix-suunnittelijaksi. Ota yhteytt\u00e4, jos olet kiinnostunut yhteisest\u00e4 matkasta korkeapainesumumarkkinoita mullistavan br\u00e4ndin kanssa.<\/p>","protected":false},"author":1,"featured_media":0,"parent":0,"menu_order":0,"comment_status":"closed","ping_status":"closed","template":"","meta":{"footnotes":""},"class_list":["post-13","page","type-page","status-publish"],"yoast_head":"<!-- This site is optimized with the Yoast SEO plugin v27.4 - https:\/\/yoast.com\/product\/yoast-seo-wordpress\/ -->\n<title>Yhteys - Aquapix<\/title>\n<meta name=\"robots\" content=\"index, follow, max-snippet:-1, max-image-preview:large, max-video-preview:-1\" \/>\n<link rel=\"canonical\" href=\"https:\/\/aquapix.com\/se\/kontakt\/\" \/>\n<meta property=\"og:locale\" content=\"sv_SE\" \/>\n<meta property=\"og:type\" content=\"article\" \/>\n<meta property=\"og:title\" content=\"Yhteys - Aquapix\" \/>\n<meta property=\"og:description\" content=\"Ota yhteytt\u00e4 lis\u00e4tietoja varten: Firex Oy Niemenkatu 73 (Lahden Tiedepuisto),15140 Lahtiinfo@aquapix.comsales@aquapix.com Aquapix on lahtelaisen Firex Oy:n tavaramerkki. Tilaukset Hae Aquapix-partnereiksi! Tukes-listatut sammutuslaitteistourakoitsijat voivat hakea Aquapixin asennuspartnereiksi Suomessa. Partneruus edellytt\u00e4\u00e4 DIOM (Design Installation Operation Maintenance)-koulutukseen osallistumista. Sprinklerisuunnittelutoimistoille DIOM toimitetaan rekister\u00f6itym\u00e4ll\u00e4 Aquapix-suunnittelijaksi. Ota yhteytt\u00e4, jos olet kiinnostunut yhteisest\u00e4 matkasta korkeapainesumumarkkinoita mullistavan br\u00e4ndin kanssa.\" \/>\n<meta property=\"og:url\" content=\"https:\/\/aquapix.com\/se\/kontakt\/\" \/>\n<meta property=\"og:site_name\" content=\"Aquapix\" \/>\n<meta property=\"article:modified_time\" content=\"2025-10-15T08:38:37+00:00\" \/>\n<meta property=\"og:image\" content=\"https:\/\/firex.fi\/wp-content\/uploads\/2023\/09\/iStock-182212291_web.jpg\" \/>\n<meta name=\"twitter:card\" content=\"summary_large_image\" \/>\n<meta name=\"twitter:label1\" content=\"Ber\u00e4knad l\u00e4stid\" \/>\n\t<meta name=\"twitter:data1\" content=\"1 minut\" \/>\n<script type=\"application\/ld+json\" class=\"yoast-schema-graph\">{\"@context\":\"https:\\\/\\\/schema.org\",\"@graph\":[{\"@type\":\"WebPage\",\"@id\":\"https:\\\/\\\/aquapix.com\\\/yhteys\\\/\",\"url\":\"https:\\\/\\\/aquapix.com\\\/yhteys\\\/\",\"name\":\"Yhteys - Aquapix\",\"isPartOf\":{\"@id\":\"https:\\\/\\\/aquapix.com\\\/#website\"},\"primaryImageOfPage\":{\"@id\":\"https:\\\/\\\/aquapix.com\\\/yhteys\\\/#primaryimage\"},\"image\":{\"@id\":\"https:\\\/\\\/aquapix.com\\\/yhteys\\\/#primaryimage\"},\"thumbnailUrl\":\"https:\\\/\\\/firex.fi\\\/wp-content\\\/uploads\\\/2023\\\/09\\\/iStock-182212291_web.jpg\",\"datePublished\":\"2023-09-23T14:01:03+00:00\",\"dateModified\":\"2025-10-15T08:38:37+00:00\",\"breadcrumb\":{\"@id\":\"https:\\\/\\\/aquapix.com\\\/yhteys\\\/#breadcrumb\"},\"inLanguage\":\"sv-SE\",\"potentialAction\":[{\"@type\":\"ReadAction\",\"target\":[\"https:\\\/\\\/aquapix.com\\\/yhteys\\\/\"]}]},{\"@type\":\"ImageObject\",\"inLanguage\":\"sv-SE\",\"@id\":\"https:\\\/\\\/aquapix.com\\\/yhteys\\\/#primaryimage\",\"url\":\"https:\\\/\\\/firex.fi\\\/wp-content\\\/uploads\\\/2023\\\/09\\\/iStock-182212291_web.jpg\",\"contentUrl\":\"https:\\\/\\\/firex.fi\\\/wp-content\\\/uploads\\\/2023\\\/09\\\/iStock-182212291_web.jpg\"},{\"@type\":\"BreadcrumbList\",\"@id\":\"https:\\\/\\\/aquapix.com\\\/yhteys\\\/#breadcrumb\",\"itemListElement\":[{\"@type\":\"ListItem\",\"position\":1,\"name\":\"Home\",\"item\":\"https:\\\/\\\/aquapix.com\\\/\"},{\"@type\":\"ListItem\",\"position\":2,\"name\":\"Yhteys\"}]},{\"@type\":\"WebSite\",\"@id\":\"https:\\\/\\\/aquapix.com\\\/#website\",\"url\":\"https:\\\/\\\/aquapix.com\\\/\",\"name\":\"Aquapix\",\"description\":\"Korkeapainevesisumun uusi aikakausi\",\"publisher\":{\"@id\":\"https:\\\/\\\/aquapix.com\\\/#organization\"},\"potentialAction\":[{\"@type\":\"SearchAction\",\"target\":{\"@type\":\"EntryPoint\",\"urlTemplate\":\"https:\\\/\\\/aquapix.com\\\/?s={search_term_string}\"},\"query-input\":{\"@type\":\"PropertyValueSpecification\",\"valueRequired\":true,\"valueName\":\"search_term_string\"}}],\"inLanguage\":\"sv-SE\"},{\"@type\":\"Organization\",\"@id\":\"https:\\\/\\\/aquapix.com\\\/#organization\",\"name\":\"Aquapix\",\"alternateName\":\"Korkeapainevesisumun uusi aikakausi\",\"url\":\"https:\\\/\\\/aquapix.com\\\/\",\"logo\":{\"@type\":\"ImageObject\",\"inLanguage\":\"sv-SE\",\"@id\":\"https:\\\/\\\/aquapix.com\\\/#\\\/schema\\\/logo\\\/image\\\/\",\"url\":\"https:\\\/\\\/aquapix.com\\\/wp-content\\\/uploads\\\/2023\\\/09\\\/cropped-aquapix_emblem.png\",\"contentUrl\":\"https:\\\/\\\/aquapix.com\\\/wp-content\\\/uploads\\\/2023\\\/09\\\/cropped-aquapix_emblem.png\",\"width\":512,\"height\":512,\"caption\":\"Aquapix\"},\"image\":{\"@id\":\"https:\\\/\\\/aquapix.com\\\/#\\\/schema\\\/logo\\\/image\\\/\"}}]}<\/script>\n<!-- \/ Yoast SEO plugin. -->","yoast_head_json":{"title":"Yhteys - Aquapix","robots":{"index":"index","follow":"follow","max-snippet":"max-snippet:-1","max-image-preview":"max-image-preview:large","max-video-preview":"max-video-preview:-1"},"canonical":"https:\/\/aquapix.com\/se\/kontakt\/","og_locale":"sv_SE","og_type":"article","og_title":"Yhteys - Aquapix","og_description":"Ota yhteytt\u00e4 lis\u00e4tietoja varten: Firex Oy Niemenkatu 73 (Lahden Tiedepuisto),15140 Lahtiinfo@aquapix.comsales@aquapix.com Aquapix on lahtelaisen Firex Oy:n tavaramerkki. Tilaukset Hae Aquapix-partnereiksi! Tukes-listatut sammutuslaitteistourakoitsijat voivat hakea Aquapixin asennuspartnereiksi Suomessa. Partneruus edellytt\u00e4\u00e4 DIOM (Design Installation Operation Maintenance)-koulutukseen osallistumista. Sprinklerisuunnittelutoimistoille DIOM toimitetaan rekister\u00f6itym\u00e4ll\u00e4 Aquapix-suunnittelijaksi. Ota yhteytt\u00e4, jos olet kiinnostunut yhteisest\u00e4 matkasta korkeapainesumumarkkinoita mullistavan br\u00e4ndin kanssa.","og_url":"https:\/\/aquapix.com\/se\/kontakt\/","og_site_name":"Aquapix","article_modified_time":"2025-10-15T08:38:37+00:00","og_image":[{"url":"https:\/\/firex.fi\/wp-content\/uploads\/2023\/09\/iStock-182212291_web.jpg","type":"","width":"","height":""}],"twitter_card":"summary_large_image","twitter_misc":{"Ber\u00e4knad l\u00e4stid":"1 minut"},"schema":{"@context":"https:\/\/schema.org","@graph":[{"@type":"WebPage","@id":"https:\/\/aquapix.com\/yhteys\/","url":"https:\/\/aquapix.com\/yhteys\/","name":"Yhteys - Aquapix","isPartOf":{"@id":"https:\/\/aquapix.com\/#website"},"primaryImageOfPage":{"@id":"https:\/\/aquapix.com\/yhteys\/#primaryimage"},"image":{"@id":"https:\/\/aquapix.com\/yhteys\/#primaryimage"},"thumbnailUrl":"https:\/\/firex.fi\/wp-content\/uploads\/2023\/09\/iStock-182212291_web.jpg","datePublished":"2023-09-23T14:01:03+00:00","dateModified":"2025-10-15T08:38:37+00:00","breadcrumb":{"@id":"https:\/\/aquapix.com\/yhteys\/#breadcrumb"},"inLanguage":"sv-SE","potentialAction":[{"@type":"ReadAction","target":["https:\/\/aquapix.com\/yhteys\/"]}]},{"@type":"ImageObject","inLanguage":"sv-SE","@id":"https:\/\/aquapix.com\/yhteys\/#primaryimage","url":"https:\/\/firex.fi\/wp-content\/uploads\/2023\/09\/iStock-182212291_web.jpg","contentUrl":"https:\/\/firex.fi\/wp-content\/uploads\/2023\/09\/iStock-182212291_web.jpg"},{"@type":"BreadcrumbList","@id":"https:\/\/aquapix.com\/yhteys\/#breadcrumb","itemListElement":[{"@type":"ListItem","position":1,"name":"Home","item":"https:\/\/aquapix.com\/"},{"@type":"ListItem","position":2,"name":"Yhteys"}]},{"@type":"WebSite","@id":"https:\/\/aquapix.com\/#website","url":"https:\/\/aquapix.com\/","name":"Aquapix","description":"Korkeapainevesisumun uusi aikakausi","publisher":{"@id":"https:\/\/aquapix.com\/#organization"},"potentialAction":[{"@type":"SearchAction","target":{"@type":"EntryPoint","urlTemplate":"https:\/\/aquapix.com\/?s={search_term_string}"},"query-input":{"@type":"PropertyValueSpecification","valueRequired":true,"valueName":"search_term_string"}}],"inLanguage":"sv-SE"},{"@type":"Organization","@id":"https:\/\/aquapix.com\/#organization","name":"Aquapix","alternateName":"Korkeapainevesisumun uusi aikakausi","url":"https:\/\/aquapix.com\/","logo":{"@type":"ImageObject","inLanguage":"sv-SE","@id":"https:\/\/aquapix.com\/#\/schema\/logo\/image\/","url":"https:\/\/aquapix.com\/wp-content\/uploads\/2023\/09\/cropped-aquapix_emblem.png","contentUrl":"https:\/\/aquapix.com\/wp-content\/uploads\/2023\/09\/cropped-aquapix_emblem.png","width":512,"height":512,"caption":"Aquapix"},"image":{"@id":"https:\/\/aquapix.com\/#\/schema\/logo\/image\/"}}]}},"_links":{"self":[{"href":"https:\/\/aquapix.com\/se\/wp-json\/wp\/v2\/pages\/13","targetHints":{"allow":["GET"]}}],"collection":[{"href":"https:\/\/aquapix.com\/se\/wp-json\/wp\/v2\/pages"}],"about":[{"href":"https:\/\/aquapix.com\/se\/wp-json\/wp\/v2\/types\/page"}],"author":[{"embeddable":true,"href":"https:\/\/aquapix.com\/se\/wp-json\/wp\/v2\/users\/1"}],"replies":[{"embeddable":true,"href":"https:\/\/aquapix.com\/se\/wp-json\/wp\/v2\/comments?post=13"}],"version-history":[{"count":27,"href":"https:\/\/aquapix.com\/se\/wp-json\/wp\/v2\/pages\/13\/revisions"}],"predecessor-version":[{"id":388,"href":"https:\/\/aquapix.com\/se\/wp-json\/wp\/v2\/pages\/13\/revisions\/388"}],"wp:attachment":[{"href":"https:\/\/aquapix.com\/se\/wp-json\/wp\/v2\/media?parent=13"}],"curies":[{"name":"wp","href":"https:\/\/api.w.org\/{rel}","templated":true}]}}