{"id":11,"date":"2023-09-23T14:00:56","date_gmt":"2023-09-23T14:00:56","guid":{"rendered":"https:\/\/firex.fi\/?page_id=11"},"modified":"2025-10-15T09:50:51","modified_gmt":"2025-10-15T06:50:51","slug":"yritys","status":"publish","type":"page","link":"https:\/\/aquapix.com\/se\/foretag\/","title":{"rendered":"F\u00f6retag"},"content":{"rendered":"<div class=\"wp-block-cover is-light fullwidth-cover header-cover has-text-color\" style=\"color:#ffffff;min-height:431px;aspect-ratio:unset;\"><img loading=\"lazy\" decoding=\"async\" width=\"1920\" height=\"1045\" class=\"wp-block-cover__image-background wp-image-119\" alt=\"\" src=\"https:\/\/firex.fi\/wp-content\/uploads\/2023\/09\/iStock-1289526682_web.jpg\" data-object-fit=\"cover\" srcset=\"https:\/\/aquapix.com\/wp-content\/uploads\/2023\/09\/iStock-1289526682_web.jpg 1920w, https:\/\/aquapix.com\/wp-content\/uploads\/2023\/09\/iStock-1289526682_web-768x418.jpg 768w, https:\/\/aquapix.com\/wp-content\/uploads\/2023\/09\/iStock-1289526682_web-1536x836.jpg 1536w\" sizes=\"auto, (max-width: 1920px) 100vw, 1920px\" \/><span aria-hidden=\"true\" class=\"wp-block-cover__background has-background-dim-0 has-background-dim\"><\/span><div class=\"wp-block-cover__inner-container is-layout-constrained wp-block-cover-is-layout-constrained\">\n<h2 class=\"wp-block-heading has-text-align-center has-text-color translation-block\" style=\"color:#ffffff\">H\u00c5LLBAR OCH ANSVARSFULL<br>KVALITET FR\u00c5N FINLAND<\/h2>\n<\/div><\/div>\n\n\n\n<!-- Groweo SmartFlow -->\n<div class=\"gw-smartflow alignfull\" style=\"margin-bottom: 3rem;\">\n<script src=\"https:\/\/engine4.groweo.com\/smartFlow\/script.js\" data-cookieconsent=\"ignore\"><\/script>\n<iframe id=\"6790b8aaa07b83903eb2ac78-671645f7c8cb997b5e7f5b4b-smartflow-inpage\" \n    src=\"https:\/\/engine4.groweo.com\/smartFlow\/?url=https:\/\/engine4.groweo.com\/api\/671645f7c8cb997b5e7f5b4b\/6790b8aaa07b83903eb2ac78&#038;publishUrl=https:\/\/engine4.groweo.com\/api\/session\/response&#038;workspaceId=671645f7c8cb997b5e7f5b4b&#038;moduleId=6790b8aaa07b83903eb2ac78&#038;inPage=true&#038;isPreview=false&#038;language=fi\" \n    height=\"100%\" width=\"100%\" frameborder=\"0\" scrolling=\"auto\">\n    <\/iframe>\n\n\n<iframe id=\"684ada8481ab7f400618d1c4-671645f7c8cb997b5e7f5b4b-smartflow-inpage\" \n    src=\"https:\/\/engine4.groweo.com\/smartFlow\/?url=https:\/\/engine4.groweo.com\/api\/671645f7c8cb997b5e7f5b4b\/684ada8481ab7f400618d1c4&#038;publishUrl=https:\/\/engine4.groweo.com\/api\/session\/response&#038;workspaceId=671645f7c8cb997b5e7f5b4b&#038;moduleId=684ada8481ab7f400618d1c4&#038;inPage=true&#038;isPreview=false&#038;language=en\" \n    height=\"100%\" width=\"100%\" frameborder=\"0\" scrolling=\"auto\">\n    <\/iframe>\n\n\n<\/div>\n\n<style>\n.header-cover {\nmargin-bottom: 0;\n}\n<\/style>\n\n\n\n<div class=\"wp-block-columns is-layout-flex wp-container-core-columns-is-layout-9d6595d7 wp-block-columns-is-layout-flex\">\n<div class=\"wp-block-column is-vertically-aligned-center animated fadeInLeft duration1 eds-on-scroll is-layout-flow wp-block-column-is-layout-flow\">\n<figure class=\"wp-block-image size-full\"><img loading=\"lazy\" decoding=\"async\" width=\"1500\" height=\"1000\" src=\"https:\/\/firex.fi\/wp-content\/uploads\/2023\/09\/iStock-154925535_web.jpg\" alt=\"\" class=\"wp-image-110\" srcset=\"https:\/\/aquapix.com\/wp-content\/uploads\/2023\/09\/iStock-154925535_web.jpg 1500w, https:\/\/aquapix.com\/wp-content\/uploads\/2023\/09\/iStock-154925535_web-768x512.jpg 768w\" sizes=\"auto, (max-width: 1500px) 100vw, 1500px\" \/><\/figure>\n<\/div>\n\n\n\n<div class=\"wp-block-column is-vertically-aligned-center animated fadeInRight duration1 eds-on-scroll is-layout-flow wp-block-column-is-layout-flow\">\n<h3 class=\"wp-block-heading\"><strong>Monterad i Finland med komponenter av h\u00f6g kvalitet<\/strong><\/h3>\n\n\n\n<p>Aquapix h\u00f6gtrycks-vattenmistmunstycke \u00e4r tillverkat av h\u00f6gkvalitativt syrabest\u00e4ndigt st\u00e5l. Alla munstyckskomponenter tillverkas inom EU. Produkten monteras i Finland i enlighet med kvalitetsledningssystemet ISO 9001:2015 och milj\u00f6ledningssystemet ISO 14001:2015. Aquapix \u00e4r brandtestad (OH1) av IFAB GmbH i Tyskland, <a href=\"https:\/\/www.bafilab.com\/\" target=\"_blank\" rel=\"noreferrer noopener\">Baltic Fire Laborato<\/a><a href=\"https:\/\/www.bafilab.com\/\">ry<\/a> i Polen och komponenttestad av Eurofins i Finland.<\/p>\n<\/div>\n<\/div>\n\n\n\n<div class=\"wp-block-columns is-layout-flex wp-container-core-columns-is-layout-9d6595d7 wp-block-columns-is-layout-flex\">\n<div class=\"wp-block-column is-vertically-aligned-center animated fadeInLeft duration1 eds-on-scroll is-layout-flow wp-block-column-is-layout-flow\">\n<h3 class=\"wp-block-heading\">Aquapix M\u00e4rke<\/h3>\n\n\n\n<p>Aquapix h\u00f6gtrycks-vattenmistmunstycke \u00e4r patenterat \u00f6ver hela v\u00e4rlden. Bakom kommersialiseringen av denna innovation st\u00e5r fem pionj\u00e4rer inom sprinklerinstallationsbranschen, med en samlad erfarenhet p\u00e5 mer \u00e4n 120 \u00e5r av sprinkler- och vattendiminstallationer och en stark f\u00f6rst\u00e5else f\u00f6r installat\u00f6rens dagliga behov.<\/p>\n\n\n\n<p>Som ett resultat av samarbete och expertis skapades varum\u00e4rket Aquapix, som inleder en ny kundv\u00e4nlig era f\u00f6r h\u00f6gtrycksvattendimma.<\/p>\n\n\n\n<p>Aquapix \u00e4r ett varum\u00e4rke som tillh\u00f6r Firex Ltd, med s\u00e4te i Lahti.<\/p>\n<\/div>\n\n\n\n<div class=\"wp-block-column is-vertically-aligned-center animated fadeInRight duration1 eds-on-scroll is-layout-flow wp-block-column-is-layout-flow\">\n<figure class=\"wp-block-image size-full\"><img loading=\"lazy\" decoding=\"async\" width=\"504\" height=\"416\" src=\"https:\/\/aquapix.com\/wp-content\/uploads\/2025\/10\/aquapix_nozzle_group.jpg\" alt=\"\" class=\"wp-image-360\" srcset=\"https:\/\/aquapix.com\/wp-content\/uploads\/2025\/10\/aquapix_nozzle_group.jpg 504w, https:\/\/aquapix.com\/wp-content\/uploads\/2025\/10\/aquapix_nozzle_group-15x12.jpg 15w\" sizes=\"auto, (max-width: 504px) 100vw, 504px\" \/><\/figure>\n<\/div>\n<\/div>\n\n\n\n<div class=\"wp-block-buttons is-content-justification-center is-layout-flex wp-container-core-buttons-is-layout-16018d1d wp-block-buttons-is-layout-flex\">\n<div class=\"wp-block-button\"><a class=\"wp-block-button__link wp-element-button\" href=\"https:\/\/aquapix.com\/se\/kontakt\/\" style=\"border-radius:0px\">KONTAKTA OSS<\/a><\/div>\n<\/div>\n\n\n\n<div style=\"height:8rem\" aria-hidden=\"true\" class=\"wp-block-spacer\"><\/div>\n\n\n\n<div class=\"wp-block-cover fullwidth-cover spacer\"><span aria-hidden=\"true\" class=\"wp-block-cover__background has-black-background-color has-background-dim-100 has-background-dim\"><\/span><div class=\"wp-block-cover__inner-container is-layout-constrained wp-block-cover-is-layout-constrained\">\n<div class=\"wp-block-columns cover-columns cover-columns-centered is-layout-flex wp-container-core-columns-is-layout-9d6595d7 wp-block-columns-is-layout-flex\">\n<div class=\"wp-block-column is-layout-flow wp-block-column-is-layout-flow\">\n<figure class=\"wp-block-image size-full is-resized tiesitko-pisara\"><img loading=\"lazy\" decoding=\"async\" width=\"2085\" height=\"2084\" src=\"https:\/\/aquapix.com\/wp-content\/uploads\/2023\/09\/aquapix_symbolit-lamppu.png\" alt=\"\" class=\"wp-image-106\" style=\"width:217px;height:217px\" srcset=\"https:\/\/aquapix.com\/wp-content\/uploads\/2023\/09\/aquapix_symbolit-lamppu.png 2085w, https:\/\/aquapix.com\/wp-content\/uploads\/2023\/09\/aquapix_symbolit-lamppu-768x768.png 768w, https:\/\/aquapix.com\/wp-content\/uploads\/2023\/09\/aquapix_symbolit-lamppu-1536x1536.png 1536w, https:\/\/aquapix.com\/wp-content\/uploads\/2023\/09\/aquapix_symbolit-lamppu-2048x2048.png 2048w\" sizes=\"auto, (max-width: 2085px) 100vw, 2085px\" \/><\/figure>\n\n\n\n<h2 class=\"wp-block-heading translation-block\">Visste du om f\u00f6rdelarna med <span style=\"color:#30a6d4\">vattenmist<\/span> och <span style=\"color:#30a6d4\">h\u00f6gtrycks-mist<\/span>?<\/h2>\n\n\n\n<p>Vattenmist best\u00e5r av mycket sm\u00e5 vattendroppar. Dess \u00f6verl\u00e4gsna brandsl\u00e4ckningsf\u00f6rm\u00e5ga baseras p\u00e5 f\u00f6r\u00e5ngning: n\u00e4r de sm\u00e5 vattenmistdropparna f\u00f6r\u00e5ngas, absorberar de en betydande m\u00e4ngd energi fr\u00e5n branden. Det g\u00f6r vattenmist till ett utm\u00e4rkt val f\u00f6r brandsl\u00e4ckningssystem.<\/p>\n<\/div>\n\n\n\n<div class=\"wp-block-column is-layout-flow wp-block-column-is-layout-flow\">\n<figure class=\"wp-block-image size-full\"><img loading=\"lazy\" decoding=\"async\" width=\"505\" height=\"619\" src=\"https:\/\/aquapix.com\/wp-content\/uploads\/2023\/10\/vesiputous01_se.png\" alt=\"\" class=\"wp-image-229\" srcset=\"https:\/\/aquapix.com\/wp-content\/uploads\/2023\/10\/vesiputous01_se.png 505w, https:\/\/aquapix.com\/wp-content\/uploads\/2023\/10\/vesiputous01_se-10x12.png 10w\" sizes=\"auto, (max-width: 505px) 100vw, 505px\" \/><\/figure>\n<\/div>\n<\/div>\n<\/div><\/div>\n\n\n\n<div class=\"wp-block-columns is-layout-flex wp-container-core-columns-is-layout-9d6595d7 wp-block-columns-is-layout-flex\">\n<div class=\"wp-block-column animated fadeInLeft duration1 eds-on-scroll is-layout-flow wp-block-column-is-layout-flow\">\n<h3 class=\"wp-block-heading\"><div tabindex=\"0\" class=\"block-editor-block-list__block wp-block block-core-columns wp-block-column block-editor-block-list__layout is-layout-flow wp-block-column-is-layout-flow\" id=\"block-fbe3c1bb-00b9-476b-a96f-ac6feaa914c4\" role=\"document\" aria-label=\"Block: Column (2 of 2)\" data-block=\"fbe3c1bb-00b9-476b-a96f-ac6feaa914c4\" data-type=\"core\/column\" data-title=\"Column\" data-is-drop-zone=\"true\">Brandsl\u00e4ckning med vattenmist, kort sagt:<\/div><\/h3>\n\n\n\n<ul class=\"wp-block-list spaced-list\">\n<li>H\u00f6gtryck skapar en st\u00f6rre yta f\u00f6r vattenmist j\u00e4mf\u00f6rt med l\u00e5gtryckssprinklersystem.<\/li>\n\n\n\n<li>Effektiva v\u00e4rmeabsorberande egenskaper f\u00f6rhindrar att branden sprider sig och g\u00f6r evakueringen s\u00e4krare<\/li>\n\n\n\n<li>Sm\u00e5 droppstorlekar \u00f6kar f\u00f6r\u00e5ngningen och ers\u00e4tter syre effektivt.  <\/li>\n<\/ul>\n<\/div>\n\n\n\n<div class=\"wp-block-column animated fadeInRight duration1 eds-on-scroll is-layout-flow wp-block-column-is-layout-flow\">\n<h3 class=\"wp-block-heading\">F\u00f6rdelar med h\u00f6gtrycks-mist j\u00e4mf\u00f6rt med sprinklersystem:<\/h3>\n\n\n\n<ul class=\"wp-block-list spaced-list\">\n<li>Mindre r\u00f6r tar upp betydligt mindre utrymme, oftast i tr\u00e5nga takutrymmen eller omslutningar.<\/li>\n\n\n\n<li>Kr\u00e4ver en blygsam vattenk\u00e4lla.<\/li>\n\n\n\n<li class=\" translation-block\">Den rostfria r\u00f6rledningen, tillverkad av h\u00f6gkvalitativt rostfritt st\u00e5l, h\u00e5ller under hela byggnadens livsl\u00e4ngd.<br><span style=\"color:#30a6d4\">\u2192 Livscykelkostnaden \u00e4r ofta l\u00e4gre!<\/span><\/li>\n\n\n\n<li class=\" translation-block\">Minimal vattenm\u00e4ngd - minimala vattenskador vid brandbek\u00e4mpning<br><span style=\"color:#30a6d4\">\u2192 Systemet kan snabbt \u00e5terst\u00e4llas till driftberedskap efter en brand.<\/span><\/li>\n<\/ul>\n<\/div>\n<\/div>","protected":false},"excerpt":{"rendered":"<p>Kokoonpano Suomessa laadukkain komponentein Aquapix-korkeapainesumusuutin valmistetaan laadukkaasta haponkest\u00e4v\u00e4st\u00e4 ter\u00e4ksest\u00e4. Kaikki suuttimen komponentit valmistetaan EU:n alueella. Tuotteen kokoonpano tapahtuu Suomessa noudattaen ISO 9001:2015-laatuj\u00e4rjestelm\u00e4\u00e4 ja ISO 14001:2015-ymp\u00e4rist\u00f6j\u00e4rjestelm\u00e4\u00e4. Aquapix on palotestattu (OH1) IFAB GmbH:n laboratoriossa Saksassa, Baltic Fire Laboratoryssa Puolassa ja Eurofinsin komponettitestaama Suomessa. Aquapix-br\u00e4ndi Aquapix-korkeapainesumusuutin on patentoitu maailmanlaajuisesti. Innovaation kaupallistamisen takana on viisi sammutuslaitteistourakoinnin pioneeria, joilla on &#8230; <a title=\"F\u00f6retag\" class=\"read-more\" href=\"https:\/\/aquapix.com\/se\/foretag\/\" aria-label=\"Mer p\u00e5 Yritys\">L\u00e4s mer<\/a><\/p>","protected":false},"author":1,"featured_media":0,"parent":0,"menu_order":0,"comment_status":"closed","ping_status":"closed","template":"","meta":{"footnotes":""},"class_list":["post-11","page","type-page","status-publish"],"yoast_head":"<!-- This site is optimized with the Yoast SEO plugin v27.4 - https:\/\/yoast.com\/product\/yoast-seo-wordpress\/ -->\n<title>Yritys - Aquapix<\/title>\n<meta name=\"robots\" content=\"index, follow, max-snippet:-1, max-image-preview:large, max-video-preview:-1\" \/>\n<link rel=\"canonical\" href=\"https:\/\/aquapix.com\/se\/foretag\/\" \/>\n<meta property=\"og:locale\" content=\"sv_SE\" \/>\n<meta property=\"og:type\" content=\"article\" \/>\n<meta property=\"og:title\" content=\"Yritys - Aquapix\" \/>\n<meta property=\"og:description\" content=\"Kokoonpano Suomessa laadukkain komponentein Aquapix-korkeapainesumusuutin valmistetaan laadukkaasta haponkest\u00e4v\u00e4st\u00e4 ter\u00e4ksest\u00e4. Kaikki suuttimen komponentit valmistetaan EU:n alueella. Tuotteen kokoonpano tapahtuu Suomessa noudattaen ISO 9001:2015-laatuj\u00e4rjestelm\u00e4\u00e4 ja ISO 14001:2015-ymp\u00e4rist\u00f6j\u00e4rjestelm\u00e4\u00e4. Aquapix on palotestattu (OH1) IFAB GmbH:n laboratoriossa Saksassa, Baltic Fire Laboratoryssa Puolassa ja Eurofinsin komponettitestaama Suomessa. Aquapix-br\u00e4ndi Aquapix-korkeapainesumusuutin on patentoitu maailmanlaajuisesti. Innovaation kaupallistamisen takana on viisi sammutuslaitteistourakoinnin pioneeria, joilla on ... L\u00e4s mer\" \/>\n<meta property=\"og:url\" content=\"https:\/\/aquapix.com\/se\/foretag\/\" \/>\n<meta property=\"og:site_name\" content=\"Aquapix\" \/>\n<meta property=\"article:modified_time\" content=\"2025-10-15T06:50:51+00:00\" \/>\n<meta property=\"og:image\" content=\"https:\/\/firex.fi\/wp-content\/uploads\/2023\/09\/iStock-1289526682_web.jpg\" \/>\n<meta name=\"twitter:card\" content=\"summary_large_image\" \/>\n<meta name=\"twitter:label1\" content=\"Ber\u00e4knad l\u00e4stid\" \/>\n\t<meta name=\"twitter:data1\" content=\"3 minuter\" \/>\n<script type=\"application\/ld+json\" class=\"yoast-schema-graph\">{\"@context\":\"https:\\\/\\\/schema.org\",\"@graph\":[{\"@type\":\"WebPage\",\"@id\":\"https:\\\/\\\/aquapix.com\\\/yritys\\\/\",\"url\":\"https:\\\/\\\/aquapix.com\\\/yritys\\\/\",\"name\":\"Yritys - Aquapix\",\"isPartOf\":{\"@id\":\"https:\\\/\\\/aquapix.com\\\/#website\"},\"primaryImageOfPage\":{\"@id\":\"https:\\\/\\\/aquapix.com\\\/yritys\\\/#primaryimage\"},\"image\":{\"@id\":\"https:\\\/\\\/aquapix.com\\\/yritys\\\/#primaryimage\"},\"thumbnailUrl\":\"https:\\\/\\\/firex.fi\\\/wp-content\\\/uploads\\\/2023\\\/09\\\/iStock-1289526682_web.jpg\",\"datePublished\":\"2023-09-23T14:00:56+00:00\",\"dateModified\":\"2025-10-15T06:50:51+00:00\",\"breadcrumb\":{\"@id\":\"https:\\\/\\\/aquapix.com\\\/yritys\\\/#breadcrumb\"},\"inLanguage\":\"sv-SE\",\"potentialAction\":[{\"@type\":\"ReadAction\",\"target\":[\"https:\\\/\\\/aquapix.com\\\/yritys\\\/\"]}]},{\"@type\":\"ImageObject\",\"inLanguage\":\"sv-SE\",\"@id\":\"https:\\\/\\\/aquapix.com\\\/yritys\\\/#primaryimage\",\"url\":\"https:\\\/\\\/firex.fi\\\/wp-content\\\/uploads\\\/2023\\\/09\\\/iStock-1289526682_web.jpg\",\"contentUrl\":\"https:\\\/\\\/firex.fi\\\/wp-content\\\/uploads\\\/2023\\\/09\\\/iStock-1289526682_web.jpg\"},{\"@type\":\"BreadcrumbList\",\"@id\":\"https:\\\/\\\/aquapix.com\\\/yritys\\\/#breadcrumb\",\"itemListElement\":[{\"@type\":\"ListItem\",\"position\":1,\"name\":\"Home\",\"item\":\"https:\\\/\\\/aquapix.com\\\/\"},{\"@type\":\"ListItem\",\"position\":2,\"name\":\"Yritys\"}]},{\"@type\":\"WebSite\",\"@id\":\"https:\\\/\\\/aquapix.com\\\/#website\",\"url\":\"https:\\\/\\\/aquapix.com\\\/\",\"name\":\"Aquapix\",\"description\":\"Korkeapainevesisumun uusi aikakausi\",\"publisher\":{\"@id\":\"https:\\\/\\\/aquapix.com\\\/#organization\"},\"potentialAction\":[{\"@type\":\"SearchAction\",\"target\":{\"@type\":\"EntryPoint\",\"urlTemplate\":\"https:\\\/\\\/aquapix.com\\\/?s={search_term_string}\"},\"query-input\":{\"@type\":\"PropertyValueSpecification\",\"valueRequired\":true,\"valueName\":\"search_term_string\"}}],\"inLanguage\":\"sv-SE\"},{\"@type\":\"Organization\",\"@id\":\"https:\\\/\\\/aquapix.com\\\/#organization\",\"name\":\"Aquapix\",\"alternateName\":\"Korkeapainevesisumun uusi aikakausi\",\"url\":\"https:\\\/\\\/aquapix.com\\\/\",\"logo\":{\"@type\":\"ImageObject\",\"inLanguage\":\"sv-SE\",\"@id\":\"https:\\\/\\\/aquapix.com\\\/#\\\/schema\\\/logo\\\/image\\\/\",\"url\":\"https:\\\/\\\/aquapix.com\\\/wp-content\\\/uploads\\\/2023\\\/09\\\/cropped-aquapix_emblem.png\",\"contentUrl\":\"https:\\\/\\\/aquapix.com\\\/wp-content\\\/uploads\\\/2023\\\/09\\\/cropped-aquapix_emblem.png\",\"width\":512,\"height\":512,\"caption\":\"Aquapix\"},\"image\":{\"@id\":\"https:\\\/\\\/aquapix.com\\\/#\\\/schema\\\/logo\\\/image\\\/\"}}]}<\/script>\n<!-- \/ Yoast SEO plugin. -->","yoast_head_json":{"title":"Yritys - Aquapix","robots":{"index":"index","follow":"follow","max-snippet":"max-snippet:-1","max-image-preview":"max-image-preview:large","max-video-preview":"max-video-preview:-1"},"canonical":"https:\/\/aquapix.com\/se\/foretag\/","og_locale":"sv_SE","og_type":"article","og_title":"Yritys - Aquapix","og_description":"Kokoonpano Suomessa laadukkain komponentein Aquapix-korkeapainesumusuutin valmistetaan laadukkaasta haponkest\u00e4v\u00e4st\u00e4 ter\u00e4ksest\u00e4. Kaikki suuttimen komponentit valmistetaan EU:n alueella. Tuotteen kokoonpano tapahtuu Suomessa noudattaen ISO 9001:2015-laatuj\u00e4rjestelm\u00e4\u00e4 ja ISO 14001:2015-ymp\u00e4rist\u00f6j\u00e4rjestelm\u00e4\u00e4. Aquapix on palotestattu (OH1) IFAB GmbH:n laboratoriossa Saksassa, Baltic Fire Laboratoryssa Puolassa ja Eurofinsin komponettitestaama Suomessa. Aquapix-br\u00e4ndi Aquapix-korkeapainesumusuutin on patentoitu maailmanlaajuisesti. Innovaation kaupallistamisen takana on viisi sammutuslaitteistourakoinnin pioneeria, joilla on ... L\u00e4s mer","og_url":"https:\/\/aquapix.com\/se\/foretag\/","og_site_name":"Aquapix","article_modified_time":"2025-10-15T06:50:51+00:00","og_image":[{"url":"https:\/\/firex.fi\/wp-content\/uploads\/2023\/09\/iStock-1289526682_web.jpg","type":"","width":"","height":""}],"twitter_card":"summary_large_image","twitter_misc":{"Ber\u00e4knad l\u00e4stid":"3 minuter"},"schema":{"@context":"https:\/\/schema.org","@graph":[{"@type":"WebPage","@id":"https:\/\/aquapix.com\/yritys\/","url":"https:\/\/aquapix.com\/yritys\/","name":"Yritys - Aquapix","isPartOf":{"@id":"https:\/\/aquapix.com\/#website"},"primaryImageOfPage":{"@id":"https:\/\/aquapix.com\/yritys\/#primaryimage"},"image":{"@id":"https:\/\/aquapix.com\/yritys\/#primaryimage"},"thumbnailUrl":"https:\/\/firex.fi\/wp-content\/uploads\/2023\/09\/iStock-1289526682_web.jpg","datePublished":"2023-09-23T14:00:56+00:00","dateModified":"2025-10-15T06:50:51+00:00","breadcrumb":{"@id":"https:\/\/aquapix.com\/yritys\/#breadcrumb"},"inLanguage":"sv-SE","potentialAction":[{"@type":"ReadAction","target":["https:\/\/aquapix.com\/yritys\/"]}]},{"@type":"ImageObject","inLanguage":"sv-SE","@id":"https:\/\/aquapix.com\/yritys\/#primaryimage","url":"https:\/\/firex.fi\/wp-content\/uploads\/2023\/09\/iStock-1289526682_web.jpg","contentUrl":"https:\/\/firex.fi\/wp-content\/uploads\/2023\/09\/iStock-1289526682_web.jpg"},{"@type":"BreadcrumbList","@id":"https:\/\/aquapix.com\/yritys\/#breadcrumb","itemListElement":[{"@type":"ListItem","position":1,"name":"Home","item":"https:\/\/aquapix.com\/"},{"@type":"ListItem","position":2,"name":"Yritys"}]},{"@type":"WebSite","@id":"https:\/\/aquapix.com\/#website","url":"https:\/\/aquapix.com\/","name":"Aquapix","description":"Korkeapainevesisumun uusi aikakausi","publisher":{"@id":"https:\/\/aquapix.com\/#organization"},"potentialAction":[{"@type":"SearchAction","target":{"@type":"EntryPoint","urlTemplate":"https:\/\/aquapix.com\/?s={search_term_string}"},"query-input":{"@type":"PropertyValueSpecification","valueRequired":true,"valueName":"search_term_string"}}],"inLanguage":"sv-SE"},{"@type":"Organization","@id":"https:\/\/aquapix.com\/#organization","name":"Aquapix","alternateName":"Korkeapainevesisumun uusi aikakausi","url":"https:\/\/aquapix.com\/","logo":{"@type":"ImageObject","inLanguage":"sv-SE","@id":"https:\/\/aquapix.com\/#\/schema\/logo\/image\/","url":"https:\/\/aquapix.com\/wp-content\/uploads\/2023\/09\/cropped-aquapix_emblem.png","contentUrl":"https:\/\/aquapix.com\/wp-content\/uploads\/2023\/09\/cropped-aquapix_emblem.png","width":512,"height":512,"caption":"Aquapix"},"image":{"@id":"https:\/\/aquapix.com\/#\/schema\/logo\/image\/"}}]}},"_links":{"self":[{"href":"https:\/\/aquapix.com\/se\/wp-json\/wp\/v2\/pages\/11","targetHints":{"allow":["GET"]}}],"collection":[{"href":"https:\/\/aquapix.com\/se\/wp-json\/wp\/v2\/pages"}],"about":[{"href":"https:\/\/aquapix.com\/se\/wp-json\/wp\/v2\/types\/page"}],"author":[{"embeddable":true,"href":"https:\/\/aquapix.com\/se\/wp-json\/wp\/v2\/users\/1"}],"replies":[{"embeddable":true,"href":"https:\/\/aquapix.com\/se\/wp-json\/wp\/v2\/comments?post=11"}],"version-history":[{"count":31,"href":"https:\/\/aquapix.com\/se\/wp-json\/wp\/v2\/pages\/11\/revisions"}],"predecessor-version":[{"id":371,"href":"https:\/\/aquapix.com\/se\/wp-json\/wp\/v2\/pages\/11\/revisions\/371"}],"wp:attachment":[{"href":"https:\/\/aquapix.com\/se\/wp-json\/wp\/v2\/media?parent=11"}],"curies":[{"name":"wp","href":"https:\/\/api.w.org\/{rel}","templated":true}]}}