{"id":11,"date":"2023-09-23T14:00:56","date_gmt":"2023-09-23T14:00:56","guid":{"rendered":"https:\/\/firex.fi\/?page_id=11"},"modified":"2025-10-15T09:50:51","modified_gmt":"2025-10-15T06:50:51","slug":"yritys","status":"publish","type":"page","link":"https:\/\/aquapix.com\/en\/company\/","title":{"rendered":"Company"},"content":{"rendered":"<div class=\"wp-block-cover is-light fullwidth-cover header-cover has-text-color\" style=\"color:#ffffff;min-height:431px;aspect-ratio:unset;\"><img loading=\"lazy\" decoding=\"async\" width=\"1920\" height=\"1045\" class=\"wp-block-cover__image-background wp-image-119\" alt=\"\" src=\"https:\/\/firex.fi\/wp-content\/uploads\/2023\/09\/iStock-1289526682_web.jpg\" data-object-fit=\"cover\" srcset=\"https:\/\/aquapix.com\/wp-content\/uploads\/2023\/09\/iStock-1289526682_web.jpg 1920w, https:\/\/aquapix.com\/wp-content\/uploads\/2023\/09\/iStock-1289526682_web-768x418.jpg 768w, https:\/\/aquapix.com\/wp-content\/uploads\/2023\/09\/iStock-1289526682_web-1536x836.jpg 1536w\" sizes=\"auto, (max-width: 1920px) 100vw, 1920px\" \/><span aria-hidden=\"true\" class=\"wp-block-cover__background has-background-dim-0 has-background-dim\"><\/span><div class=\"wp-block-cover__inner-container is-layout-constrained wp-block-cover-is-layout-constrained\">\n<h2 class=\"wp-block-heading has-text-align-center has-text-color translation-block\" style=\"color:#ffffff\">SUSTAINABLE AND RESPONSIBLE<br>QUALITY FROM FINLAND<\/h2>\n<\/div><\/div>\n\n\n\n<!-- Groweo SmartFlow -->\n<div class=\"gw-smartflow alignfull\" style=\"margin-bottom: 3rem;\">\n<script src=\"https:\/\/engine4.groweo.com\/smartFlow\/script.js\" data-cookieconsent=\"ignore\"><\/script>\n<iframe id=\"6790b8aaa07b83903eb2ac78-671645f7c8cb997b5e7f5b4b-smartflow-inpage\" \n    src=\"https:\/\/engine4.groweo.com\/smartFlow\/?url=https:\/\/engine4.groweo.com\/api\/671645f7c8cb997b5e7f5b4b\/6790b8aaa07b83903eb2ac78&#038;publishUrl=https:\/\/engine4.groweo.com\/api\/session\/response&#038;workspaceId=671645f7c8cb997b5e7f5b4b&#038;moduleId=6790b8aaa07b83903eb2ac78&#038;inPage=true&#038;isPreview=false&#038;language=fi\" \n    height=\"100%\" width=\"100%\" frameborder=\"0\" scrolling=\"auto\">\n    <\/iframe>\n\n\n<iframe id=\"684ada8481ab7f400618d1c4-671645f7c8cb997b5e7f5b4b-smartflow-inpage\" \n    src=\"https:\/\/engine4.groweo.com\/smartFlow\/?url=https:\/\/engine4.groweo.com\/api\/671645f7c8cb997b5e7f5b4b\/684ada8481ab7f400618d1c4&#038;publishUrl=https:\/\/engine4.groweo.com\/api\/session\/response&#038;workspaceId=671645f7c8cb997b5e7f5b4b&#038;moduleId=684ada8481ab7f400618d1c4&#038;inPage=true&#038;isPreview=false&#038;language=en\" \n    height=\"100%\" width=\"100%\" frameborder=\"0\" scrolling=\"auto\">\n    <\/iframe>\n\n\n<\/div>\n\n<style>\n.header-cover {\nmargin-bottom: 0;\n}\n<\/style>\n\n\n\n<div class=\"wp-block-columns is-layout-flex wp-container-core-columns-is-layout-9d6595d7 wp-block-columns-is-layout-flex\">\n<div class=\"wp-block-column is-vertically-aligned-center animated fadeInLeft duration1 eds-on-scroll is-layout-flow wp-block-column-is-layout-flow\">\n<figure class=\"wp-block-image size-full\"><img loading=\"lazy\" decoding=\"async\" width=\"1500\" height=\"1000\" src=\"https:\/\/firex.fi\/wp-content\/uploads\/2023\/09\/iStock-154925535_web.jpg\" alt=\"\" class=\"wp-image-110\" srcset=\"https:\/\/aquapix.com\/wp-content\/uploads\/2023\/09\/iStock-154925535_web.jpg 1500w, https:\/\/aquapix.com\/wp-content\/uploads\/2023\/09\/iStock-154925535_web-768x512.jpg 768w\" sizes=\"auto, (max-width: 1500px) 100vw, 1500px\" \/><\/figure>\n<\/div>\n\n\n\n<div class=\"wp-block-column is-vertically-aligned-center animated fadeInRight duration1 eds-on-scroll is-layout-flow wp-block-column-is-layout-flow\">\n<h3 class=\"wp-block-heading\"><strong>Assembled in Finland with high quality components<\/strong><\/h3>\n\n\n\n<p>The Aquapix high pressure nozzle is made of high quality acid-resistant steel. All nozzle components are manufactured in the EU. The product is assembled in Finland according to ISO 9001:2015 quality management system and ISO 14001:2015 environmental management system. Aquapix is fire tested (OH1) by IFAB GmbH in Germany, <a href=\"https:\/\/www.bafilab.com\/\" target=\"_blank\" rel=\"noreferrer noopener\">Baltic Fire Laborato<\/a><a href=\"https:\/\/www.bafilab.com\/\">ry<\/a> in Poland and component tested by Eurofins in Finland.<\/p>\n<\/div>\n<\/div>\n\n\n\n<div class=\"wp-block-columns is-layout-flex wp-container-core-columns-is-layout-9d6595d7 wp-block-columns-is-layout-flex\">\n<div class=\"wp-block-column is-vertically-aligned-center animated fadeInLeft duration1 eds-on-scroll is-layout-flow wp-block-column-is-layout-flow\">\n<h3 class=\"wp-block-heading\">Aquapix Brand<\/h3>\n\n\n\n<p>The Aquapix high-pressure water mist nozzle is patented worldwide. Behind the commercialisation of this innovation are five pioneers in the fire sprinkler installation industry, with a combined experience of more than 120 years in sprinkler and water mist installation and a strong understanding of the day-to-day needs of the installer.<\/p>\n\n\n\n<p>As a result of collaboration and expertise, the Aquapix brand was created, ushering in a new customer-friendly era for high-pressure water mist.<\/p>\n\n\n\n<p>Aquapix is a trademark of Finnish company<br> Firex Oy (Ltd).<\/p>\n<\/div>\n\n\n\n<div class=\"wp-block-column is-vertically-aligned-center animated fadeInRight duration1 eds-on-scroll is-layout-flow wp-block-column-is-layout-flow\">\n<figure class=\"wp-block-image size-full\"><img loading=\"lazy\" decoding=\"async\" width=\"504\" height=\"416\" src=\"https:\/\/aquapix.com\/wp-content\/uploads\/2025\/10\/aquapix_nozzle_group.jpg\" alt=\"\" class=\"wp-image-360\" srcset=\"https:\/\/aquapix.com\/wp-content\/uploads\/2025\/10\/aquapix_nozzle_group.jpg 504w, https:\/\/aquapix.com\/wp-content\/uploads\/2025\/10\/aquapix_nozzle_group-15x12.jpg 15w\" sizes=\"auto, (max-width: 504px) 100vw, 504px\" \/><\/figure>\n<\/div>\n<\/div>\n\n\n\n<div class=\"wp-block-buttons is-content-justification-center is-layout-flex wp-container-core-buttons-is-layout-16018d1d wp-block-buttons-is-layout-flex\">\n<div class=\"wp-block-button\"><a class=\"wp-block-button__link wp-element-button\" href=\"https:\/\/aquapix.com\/en\/contact\/\" style=\"border-radius:0px\">CONTACT US<\/a><\/div>\n<\/div>\n\n\n\n<div style=\"height:8rem\" aria-hidden=\"true\" class=\"wp-block-spacer\"><\/div>\n\n\n\n<div class=\"wp-block-cover fullwidth-cover spacer\"><span aria-hidden=\"true\" class=\"wp-block-cover__background has-black-background-color has-background-dim-100 has-background-dim\"><\/span><div class=\"wp-block-cover__inner-container is-layout-constrained wp-block-cover-is-layout-constrained\">\n<div class=\"wp-block-columns cover-columns cover-columns-centered is-layout-flex wp-container-core-columns-is-layout-9d6595d7 wp-block-columns-is-layout-flex\">\n<div class=\"wp-block-column is-layout-flow wp-block-column-is-layout-flow\">\n<figure class=\"wp-block-image size-full is-resized tiesitko-pisara\"><img loading=\"lazy\" decoding=\"async\" width=\"2085\" height=\"2084\" src=\"https:\/\/aquapix.com\/wp-content\/uploads\/2023\/09\/aquapix_symbolit-lamppu.png\" alt=\"\" class=\"wp-image-106\" style=\"width:217px;height:217px\" srcset=\"https:\/\/aquapix.com\/wp-content\/uploads\/2023\/09\/aquapix_symbolit-lamppu.png 2085w, https:\/\/aquapix.com\/wp-content\/uploads\/2023\/09\/aquapix_symbolit-lamppu-768x768.png 768w, https:\/\/aquapix.com\/wp-content\/uploads\/2023\/09\/aquapix_symbolit-lamppu-1536x1536.png 1536w, https:\/\/aquapix.com\/wp-content\/uploads\/2023\/09\/aquapix_symbolit-lamppu-2048x2048.png 2048w\" sizes=\"auto, (max-width: 2085px) 100vw, 2085px\" \/><\/figure>\n\n\n\n<h2 class=\"wp-block-heading translation-block\">Did you know about the benefits of<br> <span style=\"color:#30a6d4\">water mist<\/span> and<br> <span style=\"color:#30a6d4\">high-pressure mist<\/span>?<\/h2>\n\n\n\n<p>Water mist consists of very small water droplets. Its superior firefighting ability is based on vaporization: when the small water mist droplets vaporize, they absorb a significant amount of energy from the fire. This makes water mist an excellent choice for firefighting systems.<\/p>\n<\/div>\n\n\n\n<div class=\"wp-block-column is-layout-flow wp-block-column-is-layout-flow\">\n<figure class=\"wp-block-image size-full\"><img loading=\"lazy\" decoding=\"async\" width=\"505\" height=\"619\" src=\"https:\/\/aquapix.com\/wp-content\/uploads\/2023\/10\/vesiputous01_en.png\" alt=\"\" class=\"wp-image-229\" srcset=\"https:\/\/aquapix.com\/wp-content\/uploads\/2023\/10\/vesiputous01_en.png 505w, https:\/\/aquapix.com\/wp-content\/uploads\/2023\/10\/vesiputous01_en-10x12.png 10w\" sizes=\"auto, (max-width: 505px) 100vw, 505px\" \/><\/figure>\n<\/div>\n<\/div>\n<\/div><\/div>\n\n\n\n<div class=\"wp-block-columns is-layout-flex wp-container-core-columns-is-layout-9d6595d7 wp-block-columns-is-layout-flex\">\n<div class=\"wp-block-column animated fadeInLeft duration1 eds-on-scroll is-layout-flow wp-block-column-is-layout-flow\">\n<h3 class=\"wp-block-heading\"><div tabindex=\"0\" class=\"block-editor-block-list__block wp-block block-core-columns wp-block-column block-editor-block-list__layout is-layout-flow wp-block-column-is-layout-flow\" id=\"block-fbe3c1bb-00b9-476b-a96f-ac6feaa914c4\" role=\"document\" aria-label=\"Block: Column (2 of 2)\" data-block=\"fbe3c1bb-00b9-476b-a96f-ac6feaa914c4\" data-type=\"core\/column\" data-title=\"Column\" data-is-drop-zone=\"true\">Firefighting based on <br>water mist, in short:<\/div><\/h3>\n\n\n\n<ul class=\"wp-block-list spaced-list\">\n<li>High pressure creates a larger surface area for water mist compared to low-pressure sprinkler systems.<\/li>\n\n\n\n<li>Effective heat-absorbing properties prevent the fire from spreading and make evacuation safer.<\/li>\n\n\n\n<li>Small droplet size enhances vaporization, efficiently displacing oxygen.  <\/li>\n<\/ul>\n<\/div>\n\n\n\n<div class=\"wp-block-column animated fadeInRight duration1 eds-on-scroll is-layout-flow wp-block-column-is-layout-flow\">\n<h3 class=\"wp-block-heading\">Benefits of high-pressure mist compared to sprinkler systems:<\/h3>\n\n\n\n<ul class=\"wp-block-list spaced-list\">\n<li>Smaller pipes take up considerably less space, often in tight ceiling voids or enclosures.<\/li>\n\n\n\n<li>Requires a modest water source.<\/li>\n\n\n\n<li class=\" translation-block\">The stainless-steel pipeline, made from high-quality stainless steel, lasts the entire lifespan of the building.<br><span style=\"color:#30a6d4\">\u2192 Life cycle cost is often lower!<\/span><\/li>\n\n\n\n<li class=\" translation-block\">Minimal water quantity - minimal water damage during firefighting<br><span style=\"color:#30a6d4\"> \u2192 The system can be quickly restored to operational readiness after a fire.<\/span><\/li>\n<\/ul>\n<\/div>\n<\/div>","protected":false},"excerpt":{"rendered":"<p>Kokoonpano Suomessa laadukkain komponentein Aquapix-korkeapainesumusuutin valmistetaan laadukkaasta haponkest\u00e4v\u00e4st\u00e4 ter\u00e4ksest\u00e4. Kaikki suuttimen komponentit valmistetaan EU:n alueella. Tuotteen kokoonpano tapahtuu Suomessa noudattaen ISO 9001:2015-laatuj\u00e4rjestelm\u00e4\u00e4 ja ISO 14001:2015-ymp\u00e4rist\u00f6j\u00e4rjestelm\u00e4\u00e4. Aquapix on palotestattu (OH1) IFAB GmbH:n laboratoriossa Saksassa, Baltic Fire Laboratoryssa Puolassa ja Eurofinsin komponettitestaama Suomessa. Aquapix-br\u00e4ndi Aquapix-korkeapainesumusuutin on patentoitu maailmanlaajuisesti. Innovaation kaupallistamisen takana on viisi sammutuslaitteistourakoinnin pioneeria, joilla on &#8230; <a title=\"Company\" class=\"read-more\" href=\"https:\/\/aquapix.com\/en\/company\/\" aria-label=\"More on Yritys\">Read more<\/a><\/p>","protected":false},"author":1,"featured_media":0,"parent":0,"menu_order":0,"comment_status":"closed","ping_status":"closed","template":"","meta":{"footnotes":""},"class_list":["post-11","page","type-page","status-publish"],"yoast_head":"<!-- This site is optimized with the Yoast SEO plugin v27.4 - https:\/\/yoast.com\/product\/yoast-seo-wordpress\/ -->\n<title>Yritys - Aquapix<\/title>\n<meta name=\"robots\" content=\"index, follow, max-snippet:-1, max-image-preview:large, max-video-preview:-1\" \/>\n<link rel=\"canonical\" href=\"https:\/\/aquapix.com\/en\/company\/\" \/>\n<meta property=\"og:locale\" content=\"en_US\" \/>\n<meta property=\"og:type\" content=\"article\" \/>\n<meta property=\"og:title\" content=\"Yritys - Aquapix\" \/>\n<meta property=\"og:description\" content=\"Kokoonpano Suomessa laadukkain komponentein Aquapix-korkeapainesumusuutin valmistetaan laadukkaasta haponkest\u00e4v\u00e4st\u00e4 ter\u00e4ksest\u00e4. Kaikki suuttimen komponentit valmistetaan EU:n alueella. Tuotteen kokoonpano tapahtuu Suomessa noudattaen ISO 9001:2015-laatuj\u00e4rjestelm\u00e4\u00e4 ja ISO 14001:2015-ymp\u00e4rist\u00f6j\u00e4rjestelm\u00e4\u00e4. Aquapix on palotestattu (OH1) IFAB GmbH:n laboratoriossa Saksassa, Baltic Fire Laboratoryssa Puolassa ja Eurofinsin komponettitestaama Suomessa. Aquapix-br\u00e4ndi Aquapix-korkeapainesumusuutin on patentoitu maailmanlaajuisesti. Innovaation kaupallistamisen takana on viisi sammutuslaitteistourakoinnin pioneeria, joilla on ... Read more\" \/>\n<meta property=\"og:url\" content=\"https:\/\/aquapix.com\/en\/company\/\" \/>\n<meta property=\"og:site_name\" content=\"Aquapix\" \/>\n<meta property=\"article:modified_time\" content=\"2025-10-15T06:50:51+00:00\" \/>\n<meta property=\"og:image\" content=\"https:\/\/firex.fi\/wp-content\/uploads\/2023\/09\/iStock-1289526682_web.jpg\" \/>\n<meta name=\"twitter:card\" content=\"summary_large_image\" \/>\n<meta name=\"twitter:label1\" content=\"Est. reading time\" \/>\n\t<meta name=\"twitter:data1\" content=\"3 minutes\" \/>\n<script type=\"application\/ld+json\" class=\"yoast-schema-graph\">{\"@context\":\"https:\\\/\\\/schema.org\",\"@graph\":[{\"@type\":\"WebPage\",\"@id\":\"https:\\\/\\\/aquapix.com\\\/yritys\\\/\",\"url\":\"https:\\\/\\\/aquapix.com\\\/yritys\\\/\",\"name\":\"Yritys - Aquapix\",\"isPartOf\":{\"@id\":\"https:\\\/\\\/aquapix.com\\\/#website\"},\"primaryImageOfPage\":{\"@id\":\"https:\\\/\\\/aquapix.com\\\/yritys\\\/#primaryimage\"},\"image\":{\"@id\":\"https:\\\/\\\/aquapix.com\\\/yritys\\\/#primaryimage\"},\"thumbnailUrl\":\"https:\\\/\\\/firex.fi\\\/wp-content\\\/uploads\\\/2023\\\/09\\\/iStock-1289526682_web.jpg\",\"datePublished\":\"2023-09-23T14:00:56+00:00\",\"dateModified\":\"2025-10-15T06:50:51+00:00\",\"breadcrumb\":{\"@id\":\"https:\\\/\\\/aquapix.com\\\/yritys\\\/#breadcrumb\"},\"inLanguage\":\"en-US\",\"potentialAction\":[{\"@type\":\"ReadAction\",\"target\":[\"https:\\\/\\\/aquapix.com\\\/yritys\\\/\"]}]},{\"@type\":\"ImageObject\",\"inLanguage\":\"en-US\",\"@id\":\"https:\\\/\\\/aquapix.com\\\/yritys\\\/#primaryimage\",\"url\":\"https:\\\/\\\/firex.fi\\\/wp-content\\\/uploads\\\/2023\\\/09\\\/iStock-1289526682_web.jpg\",\"contentUrl\":\"https:\\\/\\\/firex.fi\\\/wp-content\\\/uploads\\\/2023\\\/09\\\/iStock-1289526682_web.jpg\"},{\"@type\":\"BreadcrumbList\",\"@id\":\"https:\\\/\\\/aquapix.com\\\/yritys\\\/#breadcrumb\",\"itemListElement\":[{\"@type\":\"ListItem\",\"position\":1,\"name\":\"Home\",\"item\":\"https:\\\/\\\/aquapix.com\\\/\"},{\"@type\":\"ListItem\",\"position\":2,\"name\":\"Yritys\"}]},{\"@type\":\"WebSite\",\"@id\":\"https:\\\/\\\/aquapix.com\\\/#website\",\"url\":\"https:\\\/\\\/aquapix.com\\\/\",\"name\":\"Aquapix\",\"description\":\"Korkeapainevesisumun uusi aikakausi\",\"publisher\":{\"@id\":\"https:\\\/\\\/aquapix.com\\\/#organization\"},\"potentialAction\":[{\"@type\":\"SearchAction\",\"target\":{\"@type\":\"EntryPoint\",\"urlTemplate\":\"https:\\\/\\\/aquapix.com\\\/?s={search_term_string}\"},\"query-input\":{\"@type\":\"PropertyValueSpecification\",\"valueRequired\":true,\"valueName\":\"search_term_string\"}}],\"inLanguage\":\"en-US\"},{\"@type\":\"Organization\",\"@id\":\"https:\\\/\\\/aquapix.com\\\/#organization\",\"name\":\"Aquapix\",\"alternateName\":\"Korkeapainevesisumun uusi aikakausi\",\"url\":\"https:\\\/\\\/aquapix.com\\\/\",\"logo\":{\"@type\":\"ImageObject\",\"inLanguage\":\"en-US\",\"@id\":\"https:\\\/\\\/aquapix.com\\\/#\\\/schema\\\/logo\\\/image\\\/\",\"url\":\"https:\\\/\\\/aquapix.com\\\/wp-content\\\/uploads\\\/2023\\\/09\\\/cropped-aquapix_emblem.png\",\"contentUrl\":\"https:\\\/\\\/aquapix.com\\\/wp-content\\\/uploads\\\/2023\\\/09\\\/cropped-aquapix_emblem.png\",\"width\":512,\"height\":512,\"caption\":\"Aquapix\"},\"image\":{\"@id\":\"https:\\\/\\\/aquapix.com\\\/#\\\/schema\\\/logo\\\/image\\\/\"}}]}<\/script>\n<!-- \/ Yoast SEO plugin. -->","yoast_head_json":{"title":"Yritys - Aquapix","robots":{"index":"index","follow":"follow","max-snippet":"max-snippet:-1","max-image-preview":"max-image-preview:large","max-video-preview":"max-video-preview:-1"},"canonical":"https:\/\/aquapix.com\/en\/company\/","og_locale":"en_US","og_type":"article","og_title":"Yritys - Aquapix","og_description":"Kokoonpano Suomessa laadukkain komponentein Aquapix-korkeapainesumusuutin valmistetaan laadukkaasta haponkest\u00e4v\u00e4st\u00e4 ter\u00e4ksest\u00e4. Kaikki suuttimen komponentit valmistetaan EU:n alueella. Tuotteen kokoonpano tapahtuu Suomessa noudattaen ISO 9001:2015-laatuj\u00e4rjestelm\u00e4\u00e4 ja ISO 14001:2015-ymp\u00e4rist\u00f6j\u00e4rjestelm\u00e4\u00e4. Aquapix on palotestattu (OH1) IFAB GmbH:n laboratoriossa Saksassa, Baltic Fire Laboratoryssa Puolassa ja Eurofinsin komponettitestaama Suomessa. Aquapix-br\u00e4ndi Aquapix-korkeapainesumusuutin on patentoitu maailmanlaajuisesti. Innovaation kaupallistamisen takana on viisi sammutuslaitteistourakoinnin pioneeria, joilla on ... Read more","og_url":"https:\/\/aquapix.com\/en\/company\/","og_site_name":"Aquapix","article_modified_time":"2025-10-15T06:50:51+00:00","og_image":[{"url":"https:\/\/firex.fi\/wp-content\/uploads\/2023\/09\/iStock-1289526682_web.jpg","type":"","width":"","height":""}],"twitter_card":"summary_large_image","twitter_misc":{"Est. reading time":"3 minutes"},"schema":{"@context":"https:\/\/schema.org","@graph":[{"@type":"WebPage","@id":"https:\/\/aquapix.com\/yritys\/","url":"https:\/\/aquapix.com\/yritys\/","name":"Yritys - Aquapix","isPartOf":{"@id":"https:\/\/aquapix.com\/#website"},"primaryImageOfPage":{"@id":"https:\/\/aquapix.com\/yritys\/#primaryimage"},"image":{"@id":"https:\/\/aquapix.com\/yritys\/#primaryimage"},"thumbnailUrl":"https:\/\/firex.fi\/wp-content\/uploads\/2023\/09\/iStock-1289526682_web.jpg","datePublished":"2023-09-23T14:00:56+00:00","dateModified":"2025-10-15T06:50:51+00:00","breadcrumb":{"@id":"https:\/\/aquapix.com\/yritys\/#breadcrumb"},"inLanguage":"en-US","potentialAction":[{"@type":"ReadAction","target":["https:\/\/aquapix.com\/yritys\/"]}]},{"@type":"ImageObject","inLanguage":"en-US","@id":"https:\/\/aquapix.com\/yritys\/#primaryimage","url":"https:\/\/firex.fi\/wp-content\/uploads\/2023\/09\/iStock-1289526682_web.jpg","contentUrl":"https:\/\/firex.fi\/wp-content\/uploads\/2023\/09\/iStock-1289526682_web.jpg"},{"@type":"BreadcrumbList","@id":"https:\/\/aquapix.com\/yritys\/#breadcrumb","itemListElement":[{"@type":"ListItem","position":1,"name":"Home","item":"https:\/\/aquapix.com\/"},{"@type":"ListItem","position":2,"name":"Yritys"}]},{"@type":"WebSite","@id":"https:\/\/aquapix.com\/#website","url":"https:\/\/aquapix.com\/","name":"Aquapix","description":"Korkeapainevesisumun uusi aikakausi","publisher":{"@id":"https:\/\/aquapix.com\/#organization"},"potentialAction":[{"@type":"SearchAction","target":{"@type":"EntryPoint","urlTemplate":"https:\/\/aquapix.com\/?s={search_term_string}"},"query-input":{"@type":"PropertyValueSpecification","valueRequired":true,"valueName":"search_term_string"}}],"inLanguage":"en-US"},{"@type":"Organization","@id":"https:\/\/aquapix.com\/#organization","name":"Aquapix","alternateName":"Korkeapainevesisumun uusi aikakausi","url":"https:\/\/aquapix.com\/","logo":{"@type":"ImageObject","inLanguage":"en-US","@id":"https:\/\/aquapix.com\/#\/schema\/logo\/image\/","url":"https:\/\/aquapix.com\/wp-content\/uploads\/2023\/09\/cropped-aquapix_emblem.png","contentUrl":"https:\/\/aquapix.com\/wp-content\/uploads\/2023\/09\/cropped-aquapix_emblem.png","width":512,"height":512,"caption":"Aquapix"},"image":{"@id":"https:\/\/aquapix.com\/#\/schema\/logo\/image\/"}}]}},"_links":{"self":[{"href":"https:\/\/aquapix.com\/en\/wp-json\/wp\/v2\/pages\/11","targetHints":{"allow":["GET"]}}],"collection":[{"href":"https:\/\/aquapix.com\/en\/wp-json\/wp\/v2\/pages"}],"about":[{"href":"https:\/\/aquapix.com\/en\/wp-json\/wp\/v2\/types\/page"}],"author":[{"embeddable":true,"href":"https:\/\/aquapix.com\/en\/wp-json\/wp\/v2\/users\/1"}],"replies":[{"embeddable":true,"href":"https:\/\/aquapix.com\/en\/wp-json\/wp\/v2\/comments?post=11"}],"version-history":[{"count":31,"href":"https:\/\/aquapix.com\/en\/wp-json\/wp\/v2\/pages\/11\/revisions"}],"predecessor-version":[{"id":371,"href":"https:\/\/aquapix.com\/en\/wp-json\/wp\/v2\/pages\/11\/revisions\/371"}],"wp:attachment":[{"href":"https:\/\/aquapix.com\/en\/wp-json\/wp\/v2\/media?parent=11"}],"curies":[{"name":"wp","href":"https:\/\/api.w.org\/{rel}","templated":true}]}}